{"id":37,"date":"2024-01-30T12:21:20","date_gmt":"2024-01-30T11:21:20","guid":{"rendered":"https:\/\/campoelcortijo.com\/?page_id=37"},"modified":"2024-09-26T14:10:34","modified_gmt":"2024-09-26T12:10:34","slug":"opiniones-clientes","status":"publish","type":"page","link":"https:\/\/campoelcortijo.com\/index.php\/opiniones-clientes\/","title":{"rendered":"Opiniones Clientes"},"content":{"rendered":"\n<h3 class=\"wp-block-heading has-text-align-center has-text-color has-link-color wp-elements-62999375835c8c131b91167d1afd0be0\" style=\"color:#d6d754\"><strong>Lo que Dicen Nuestros Jugadores<\/strong><\/h3>\n\n\n\n<h3 class=\"wp-block-heading has-text-align-center has-text-color has-link-color wp-elements-4842e324e776714dc339dd7f8ee31086\" style=\"color:#d6d754\"><strong>\u00a1La Mejor Experiencia en Primera Persona!<\/strong><\/h3>\n\n\n\n<div style=\"height:50px\" aria-hidden=\"true\" class=\"wp-block-spacer\"><\/div>\n\n\n\n<p style=\"font-size:20px\">Nada habla mejor de lo que ofrecemos que las palabras de quienes ya lo han vivido. Nuestros clientes son los verdaderos protagonistas de cada partida, y sus opiniones reflejan la adrenalina, emoci\u00f3n y diversi\u00f3n que se respiran en cada rinc\u00f3n de nuestro centro. Desde las intensas batallas en equipo hasta las celebraciones m\u00e1s \u00e9picas, cada comentario cuenta una historia diferente.<\/p>\n\n\n\n<p style=\"font-size:20px\">Explora las experiencias de otros jugadores y descubre por qu\u00e9 somos el destino favorito para los amantes del airsoft, el paintball, y mucho m\u00e1s. \u00bfT\u00fa ya jugaste con nosotros? \u00a1Nos encantar\u00eda conocer tu opini\u00f3n tambi\u00e9n!<\/p>\n\n\n\n<div style=\"height:100px\" aria-hidden=\"true\" class=\"wp-block-spacer\"><\/div>\n\n\n<div class=\"wp-block-image\">\n<figure class=\"aligncenter size-large is-resized\"><img fetchpriority=\"high\" decoding=\"async\" width=\"1024\" height=\"277\" src=\"http:\/\/campoelcortijo.com\/wp-content\/uploads\/2024\/02\/Logo-2023-plano-negro-gris-1024x277.png\" alt=\"\" class=\"wp-image-139\" style=\"width:333px\" srcset=\"https:\/\/campoelcortijo.com\/wp-content\/uploads\/2024\/02\/Logo-2023-plano-negro-gris-1024x277.png 1024w, https:\/\/campoelcortijo.com\/wp-content\/uploads\/2024\/02\/Logo-2023-plano-negro-gris-600x162.png 600w, https:\/\/campoelcortijo.com\/wp-content\/uploads\/2024\/02\/Logo-2023-plano-negro-gris-300x81.png 300w, https:\/\/campoelcortijo.com\/wp-content\/uploads\/2024\/02\/Logo-2023-plano-negro-gris-768x207.png 768w, https:\/\/campoelcortijo.com\/wp-content\/uploads\/2024\/02\/Logo-2023-plano-negro-gris-1536x415.png 1536w, https:\/\/campoelcortijo.com\/wp-content\/uploads\/2024\/02\/Logo-2023-plano-negro-gris-2048x553.png 2048w, https:\/\/campoelcortijo.com\/wp-content\/uploads\/2024\/02\/Logo-2023-plano-negro-gris-800x216.png 800w, https:\/\/campoelcortijo.com\/wp-content\/uploads\/2024\/02\/Logo-2023-plano-negro-gris-550x149.png 550w\" sizes=\"(max-width: 1024px) 100vw, 1024px\" \/><\/figure>\n<\/div>","protected":false},"excerpt":{"rendered":"<p>Lo que Dicen Nuestros Jugadores \u00a1La Mejor Experiencia en Primera Persona! Nada habla mejor de lo que ofrecemos que las palabras de quienes ya lo han vivido. Nuestros clientes son los verdaderos protagonistas de cada partida, y sus opiniones reflejan la adrenalina, emoci\u00f3n y diversi\u00f3n que se respiran en cada rinc\u00f3n de nuestro centro. Desde las intensas batallas en equipo hasta las celebraciones m\u00e1s \u00e9picas, cada comentario cuenta una historia diferente. Explora las experiencias de otros jugadores y descubre por qu\u00e9 somos el destino favorito para los amantes del airsoft, el paintball, y mucho m\u00e1s. \u00bfT\u00fa ya jugaste con nosotros? \u00a1Nos encantar\u00eda conocer tu opini\u00f3n tambi\u00e9n!<\/p>\n","protected":false},"author":1,"featured_media":141,"parent":0,"menu_order":0,"comment_status":"closed","ping_status":"closed","template":"","meta":{"om_disable_all_campaigns":false,"_uf_show_specific_survey":0,"_uf_disable_surveys":false,"footnotes":""},"class_list":["post-37","page","type-page","status-publish","has-post-thumbnail","hentry"],"aioseo_notices":[],"_links":{"self":[{"href":"https:\/\/campoelcortijo.com\/index.php\/wp-json\/wp\/v2\/pages\/37","targetHints":{"allow":["GET"]}}],"collection":[{"href":"https:\/\/campoelcortijo.com\/index.php\/wp-json\/wp\/v2\/pages"}],"about":[{"href":"https:\/\/campoelcortijo.com\/index.php\/wp-json\/wp\/v2\/types\/page"}],"author":[{"embeddable":true,"href":"https:\/\/campoelcortijo.com\/index.php\/wp-json\/wp\/v2\/users\/1"}],"replies":[{"embeddable":true,"href":"https:\/\/campoelcortijo.com\/index.php\/wp-json\/wp\/v2\/comments?post=37"}],"version-history":[{"count":6,"href":"https:\/\/campoelcortijo.com\/index.php\/wp-json\/wp\/v2\/pages\/37\/revisions"}],"predecessor-version":[{"id":794,"href":"https:\/\/campoelcortijo.com\/index.php\/wp-json\/wp\/v2\/pages\/37\/revisions\/794"}],"wp:featuredmedia":[{"embeddable":true,"href":"https:\/\/campoelcortijo.com\/index.php\/wp-json\/wp\/v2\/media\/141"}],"wp:attachment":[{"href":"https:\/\/campoelcortijo.com\/index.php\/wp-json\/wp\/v2\/media?parent=37"}],"curies":[{"name":"wp","href":"https:\/\/api.w.org\/{rel}","templated":true}]}}