{"id":44,"date":"2024-01-30T12:21:21","date_gmt":"2024-01-30T11:21:21","guid":{"rendered":"https:\/\/campoelcortijo.com\/?page_id=44"},"modified":"2026-04-19T14:56:16","modified_gmt":"2026-04-19T12:56:16","slug":"airsoft","status":"publish","type":"page","link":"https:\/\/campoelcortijo.com\/index.php\/airsoft\/","title":{"rendered":"Airsoft"},"content":{"rendered":"\n<div style=\"height:20px\" aria-hidden=\"true\" class=\"wp-block-spacer\"><\/div>\n\n\n\n<div class=\"wp-block-cover alignfull has-parallax\" style=\"min-height:600px;aspect-ratio:unset;\"><div class=\"wp-block-cover__image-background wp-image-782 has-parallax\" style=\"background-position:50% 50%;background-image:url(http:\/\/campoelcortijo.com\/wp-content\/uploads\/2024\/09\/Downloader.la-64ad772ca78b6.jpg)\"><\/div><span aria-hidden=\"true\" class=\"wp-block-cover__background has-background-dim-40 has-background-dim\" style=\"background-color:#000000\"><\/span><div class=\"wp-block-cover__inner-container is-layout-flow wp-block-cover-is-layout-flow\">\n<h4 class=\"wp-block-heading alignwide has-white-color has-text-color\" style=\"font-size:48px;line-height:1.2\">Airsoft<br><\/h4>\n\n\n\n<div class=\"wp-block-columns alignwide is-layout-flex wp-container-core-columns-is-layout-9d6595d7 wp-block-columns-is-layout-flex\">\n<div class=\"wp-block-column is-layout-flow wp-block-column-is-layout-flow\" style=\"flex-basis:60%\">\n<p class=\"has-text-color\" style=\"color:#ffffff;font-size:20px\">\u00bfEst\u00e1s listo para sentir la adrenalina de una aut\u00e9ntica batalla sin salir de un campo de juego? El <strong _istranslated=\"1\">airsoft<\/strong> es mucho m\u00e1s que disparar bolitas de pl\u00e1stico. Es una mezcla perfecta de estrategia, trabajo en equipo y acci\u00f3n, donde cada partida se convierte en una experiencia \u00e9pica.<\/p>\n\n\n\n<p style=\"font-size:20px\">Con r\u00e9plicas de armas realistas, objetivos variados y escenarios llenos de emoci\u00f3n, aqu\u00ed puedes vivir toda la intensidad de un combate&#8230; \u00a1sin correr riesgos! Ya sea que te unas a nuestras <strong _istranslated=\"1\">partidas p\u00fablicas<\/strong> para enfrentarte a otros jugadores, o prefieras armar tu propio equipo para una <strong _istranslated=\"1\">partida privada<\/strong>, el airsoft te promete momentos inolvidables. \u00bfPreparado para la acci\u00f3n?<\/p>\n\n\n\n<div class=\"wp-block-buttons is-layout-flex wp-block-buttons-is-layout-flex\"><\/div>\n<\/div>\n\n\n\n<div class=\"wp-block-column is-layout-flow wp-block-column-is-layout-flow\"><\/div>\n<\/div>\n<\/div><\/div>\n\n\n\n<hr class=\"wp-block-separator has-alpha-channel-opacity\"\/>\n\n\n\n<div class=\"wp-block-group alignwide\"><div class=\"wp-block-group__inner-container is-layout-constrained wp-block-group-is-layout-constrained\">\n<div class=\"wp-block-cover alignfull has-parallax\" style=\"min-height:226px;aspect-ratio:unset;\"><div class=\"wp-block-cover__image-background wp-image-2238 has-parallax\" style=\"background-position:50% 50%;background-image:url(https:\/\/campoelcortijo.com\/wp-content\/uploads\/2025\/02\/10.soldados-ejercito-luchando-armas-defendiendo-su-pais_1303-26697.jpg)\"><\/div><span aria-hidden=\"true\" class=\"wp-block-cover__background has-background-dim-40 has-background-dim\" style=\"background-color:#000000\"><\/span><div class=\"wp-block-cover__inner-container is-layout-flow wp-block-cover-is-layout-flow\">\n<h4 class=\"wp-block-heading alignwide has-text-align-right has-text-color has-link-color wp-elements-c597f837cf0c326b4f354cac778ae371\" style=\"color:#ffffff\"><strong>Partidas P\u00fablicas<\/strong><\/h4>\n<\/div><\/div>\n\n\n\n<div class=\"wp-block-columns alignwide is-layout-flex wp-container-core-columns-is-layout-9d6595d7 wp-block-columns-is-layout-flex\">\n<div class=\"wp-block-column is-vertically-aligned-center is-layout-flow wp-block-column-is-layout-flow\" style=\"flex-basis:33.33%\">\n<figure class=\"wp-block-image size-full\"><img fetchpriority=\"high\" decoding=\"async\" width=\"844\" height=\"812\" src=\"http:\/\/campoelcortijo.com\/wp-content\/uploads\/2024\/09\/Publica-Airsoft-7.png\" alt=\"\" class=\"wp-image-324\" srcset=\"https:\/\/campoelcortijo.com\/wp-content\/uploads\/2024\/09\/Publica-Airsoft-7.png 844w, https:\/\/campoelcortijo.com\/wp-content\/uploads\/2024\/09\/Publica-Airsoft-7-600x577.png 600w, https:\/\/campoelcortijo.com\/wp-content\/uploads\/2024\/09\/Publica-Airsoft-7-300x289.png 300w, https:\/\/campoelcortijo.com\/wp-content\/uploads\/2024\/09\/Publica-Airsoft-7-768x739.png 768w, https:\/\/campoelcortijo.com\/wp-content\/uploads\/2024\/09\/Publica-Airsoft-7-24x24.png 24w, https:\/\/campoelcortijo.com\/wp-content\/uploads\/2024\/09\/Publica-Airsoft-7-800x770.png 800w, https:\/\/campoelcortijo.com\/wp-content\/uploads\/2024\/09\/Publica-Airsoft-7-550x529.png 550w\" sizes=\"(max-width: 844px) 100vw, 844px\" \/><\/figure>\n<\/div>\n\n\n\n<div class=\"wp-block-column is-vertically-aligned-center is-layout-flow wp-block-column-is-layout-flow\" style=\"flex-basis:66.66%\">\n<h4 class=\"wp-block-heading has-text-color has-link-color wp-elements-ed8a2419e469e97018a8fda5d5a575e0\" style=\"color:#d6d754\"><strong>Partidas P\u00fablicas: \u00a1\u00danete a la aventura!<\/strong><\/h4>\n\n\n\n<blockquote class=\"wp-block-quote is-style-plain is-layout-flow wp-block-quote-is-layout-flow\">\n<p class=\"has-text-align-left\" style=\"font-size:20px\">\u00bfQuieres descubrir Campo Airsoft El Cortijo? \u00bfQuieres probar el <strong>airsoft<\/strong>? \u00a1No te preocupes! Novato o Veterano, nuestras <strong>partidas p\u00fablicas<\/strong> son la oportunidad perfecta para sumarte a la acci\u00f3n r\u00e1pidamente<\/p>\n\n\n\n<p class=\"has-text-align-left\" style=\"font-size:20px\">Ven a jugar, solo o acompa\u00f1ado con o sin mateiral y prep\u00e1rate para enfrentarte a a una batalla \u00e9pica: La mejor manera de conocer a gente con tus mismas ganas de adrenalina, compartir estrategias y, qui\u00e9n sabe, tal vez formar tu propio equipo para futuras batallas.<\/p>\n\n\n\n<div class=\"wp-block-group is-nowrap is-layout-flex wp-container-core-group-is-layout-ad2f72ca wp-block-group-is-layout-flex\">\n<div class=\"wp-block-buttons is-layout-flex wp-block-buttons-is-layout-flex\">\n<div class=\"wp-block-button is-style-outline is-style-outline--1\"><a class=\"wp-block-button__link has-text-color has-background wp-element-button\" href=\"https:\/\/docs.google.com\/forms\/d\/1TGZPoFbTlycJ9Rd077Wy2UQ4ITL6T7zCiy5ypbaWNQo\/edit\" style=\"color:#ffffff;background-color:#000000\">\u00danete a nuestras partidas p\u00fablicas aqu\u00ed<\/a><\/div>\n<\/div>\n<\/div>\n<\/blockquote>\n<\/div>\n<\/div>\n\n\n\n<h4 class=\"wp-block-heading has-text-align-left has-text-color has-link-color wp-elements-c47d4c36103273ba1677b65c8250d39e\" style=\"color:#d6d754\"><strong>INCLUYE:<\/strong><\/h4>\n\n\n\n<ul class=\"wp-block-list\">\n<li>En formato de 4 horas de juego aprox. + Descanso de 30 mins aprox. a media ma\u00f1ana.<\/li>\n\n\n\n<li>Partida guionizada: Una historia tematizada con diversas misiones y objetivos. \u00a1A veces con actores, atrezzo y explosiones!<\/li>\n\n\n\n<li>Campo de batalla total para el evento, seg\u00fan el escenario y misi\u00f3n planteadas.<\/li>\n\n\n\n<li>Masterclass de seguridad: Nociones de seguridad, normas de juego y misiones.<\/li>\n\n\n\n<li>Varios monitores a tu disposici\u00f3n.<\/li>\n\n\n\n<li>Servicio de Cantina abierto: Bebidas fr\u00edas y comida caliente.<\/li>\n<\/ul>\n\n\n\n<h4 class=\"wp-block-heading has-text-align-right has-text-color has-link-color wp-elements-d64e40aa3d150bd6da77dcb26a87470c\" style=\"color:#d6d754\"><strong>HORARIO Y DISPONIBILIDAD:<\/strong><\/h4>\n\n\n\n<ul class=\"wp-block-list\">\n<li>Todos los SABADOS, DOMINGOS y FESTIVOS de 08:00H a 15:00H realizamos eventos p\u00fablicos de Airsoft.<\/li>\n\n\n\n<li>Cada Lunes al mediod\u00eda actualizamos nuestro formulario con las partidas de dicha semana.<\/li>\n<\/ul>\n<\/div><\/div>\n\n\n\n<div class=\"wp-block-group alignwide\"><div class=\"wp-block-group__inner-container is-layout-constrained wp-block-group-is-layout-constrained\">\n<div class=\"wp-block-cover alignfull has-parallax\" style=\"min-height:226px;aspect-ratio:unset;\"><div class=\"wp-block-cover__image-background wp-image-284 has-parallax\" style=\"background-position:50% 50%;background-image:url(http:\/\/campoelcortijo.com\/wp-content\/uploads\/2024\/09\/diego-gonzalez-nJI8WAqpn7Y-unsplash-1.jpg)\"><\/div><span aria-hidden=\"true\" class=\"wp-block-cover__background has-background-dim-40 has-background-dim\" style=\"background-color:#000000\"><\/span><div class=\"wp-block-cover__inner-container is-layout-flow wp-block-cover-is-layout-flow\">\n<div class=\"wp-block-columns is-layout-flex wp-container-core-columns-is-layout-9d6595d7 wp-block-columns-is-layout-flex\">\n<div class=\"wp-block-column is-vertically-aligned-bottom is-layout-flow wp-block-column-is-layout-flow\" style=\"flex-basis:25%\">\n<h4 class=\"wp-block-heading alignwide has-text-color has-link-color wp-elements-df83d481d015447fd361f4805eabc30f\" style=\"color:#ffffff\">Partidas Privadas<\/h4>\n<\/div>\n\n\n\n<div class=\"wp-block-column is-vertically-aligned-bottom is-layout-flow wp-block-column-is-layout-flow\" style=\"flex-basis:50%\">\n<p style=\"font-size:20px\">Si lo que buscas es una experiencia de <strong>airsoft<\/strong> totalmente personalizada, nuestras <strong>partidas privadas<\/strong> son la opci\u00f3n ideal.<\/p>\n<\/div>\n\n\n\n<div class=\"wp-block-column is-vertically-aligned-center is-layout-flow wp-block-column-is-layout-flow\" style=\"flex-basis:25%\">\n<div class=\"wp-block-buttons alignwide is-content-justification-right is-layout-flex wp-container-core-buttons-is-layout-86a8208c wp-block-buttons-is-layout-flex\">\n<div class=\"wp-block-button is-style-outline is-style-outline--2\"><a class=\"wp-block-button__link has-text-color has-background wp-element-button\" href=\"https:\/\/forms.gle\/oq1VeVDSW73tJSUaA\" style=\"color:#ffffff;background-color:#000000\">Partidas Privadas<\/a><\/div>\n<\/div>\n<\/div>\n<\/div>\n<\/div><\/div>\n\n\n\n<div class=\"wp-block-columns alignwide is-layout-flex wp-container-core-columns-is-layout-9d6595d7 wp-block-columns-is-layout-flex\">\n<div class=\"wp-block-column is-vertically-aligned-center is-layout-flow wp-block-column-is-layout-flow\" style=\"flex-basis:33.33%\">\n<figure class=\"wp-block-image size-full\"><img decoding=\"async\" width=\"976\" height=\"861\" src=\"https:\/\/campoelcortijo.com\/wp-content\/uploads\/2025\/02\/Privadas-Airsoft.png\" alt=\"\" class=\"wp-image-2253\" srcset=\"https:\/\/campoelcortijo.com\/wp-content\/uploads\/2025\/02\/Privadas-Airsoft.png 976w, https:\/\/campoelcortijo.com\/wp-content\/uploads\/2025\/02\/Privadas-Airsoft-300x265.png 300w, https:\/\/campoelcortijo.com\/wp-content\/uploads\/2025\/02\/Privadas-Airsoft-768x678.png 768w, https:\/\/campoelcortijo.com\/wp-content\/uploads\/2025\/02\/Privadas-Airsoft-600x529.png 600w, https:\/\/campoelcortijo.com\/wp-content\/uploads\/2025\/02\/Privadas-Airsoft-800x706.png 800w, https:\/\/campoelcortijo.com\/wp-content\/uploads\/2025\/02\/Privadas-Airsoft-550x485.png 550w\" sizes=\"(max-width: 976px) 100vw, 976px\" \/><\/figure>\n<\/div>\n\n\n\n<div class=\"wp-block-column is-vertically-aligned-center is-layout-flow wp-block-column-is-layout-flow\" style=\"flex-basis:66.66%\">\n<h4 class=\"wp-block-heading has-text-color has-link-color wp-elements-152748d1d8cabdf36c0b4713e770ea6f\" style=\"color:#d6d754\"><strong>Partidas Privadas: \u00a1Tu batalla a tu medida!<\/strong><\/h4>\n\n\n\n<blockquote class=\"wp-block-quote is-style-plain is-layout-flow wp-block-quote-is-layout-flow\">\n<p class=\"has-text-align-left\" style=\"font-size:20px\">Aqu\u00ed mandas t\u00fa: elige a tu equipo, define tus propias reglas, y disfruta del campo de batalla en exclusiva para ti y tus amigos. Ya sea que quieras celebrar un cumplea\u00f1os, un evento corporativo, o simplemente pasar un d\u00eda \u00e9pico con tu grupo, estas partidas te permiten dise\u00f1ar la aventura a tu medida.<\/p>\n\n\n\n<p class=\"has-text-align-left\" style=\"font-size:20px\">Sin desconocidos, sin prisas, solo pura adrenalina y diversi\u00f3n con los tuyos. \u00a1Es hora de organizar tu propia guerra privada y demostrar qui\u00e9n manda en el campo!<\/p>\n\n\n\n<div class=\"wp-block-group is-nowrap is-layout-flex wp-container-core-group-is-layout-ad2f72ca wp-block-group-is-layout-flex\">\n<div class=\"wp-block-buttons is-layout-flex wp-block-buttons-is-layout-flex\">\n<div class=\"wp-block-button is-style-outline is-style-outline--3\"><a class=\"wp-block-button__link has-text-color has-background wp-element-button\" href=\"https:\/\/forms.gle\/oq1VeVDSW73tJSUaA\" style=\"color:#ffffff;background-color:#000000\">\u00a1Reserva tu actividad ahora!<\/a><\/div>\n<\/div>\n<\/div>\n<\/blockquote>\n<\/div>\n<\/div>\n\n\n\n<h4 class=\"wp-block-heading has-text-align-left has-text-color has-link-color wp-elements-c47d4c36103273ba1677b65c8250d39e\" style=\"color:#d6d754\"><strong>INCLUYE:<\/strong><\/h4>\n\n\n\n<ul class=\"wp-block-list\">\n<li>En formato de 2 o 4 horas de juego aprox. + Descanso de 30 mins. aprox.<\/li>\n\n\n\n<li>Partida guionizada: Diferentes juegos, y toma de contacto.<\/li>\n\n\n\n<li>Campo de batalla parcial o total para ti y los tuyos: Sujeto a n\u00famero de jugadores, disponibilidad y fecha.<\/li>\n\n\n\n<li>Masterclass de seguridad: Nociones de seguridad, normas de juego y escenarios de batalla.<\/li>\n\n\n\n<li>Monitor a tu disposici\u00f3n: con diferentes modos de juego y rondas.<\/li>\n<\/ul>\n\n\n\n<h4 class=\"wp-block-heading has-text-align-right has-text-color has-link-color wp-elements-d64e40aa3d150bd6da77dcb26a87470c\" style=\"color:#d6d754\"><strong>HORARIO Y DISPONIBILIDAD:<\/strong><\/h4>\n\n\n\n<ul class=\"wp-block-list\">\n<li><strong>Estamos disponibles todos los d\u00edas de la semana de LUNES A DOMINGO por la ma\u00f1ana y por la tarde. <\/strong><\/li>\n<\/ul>\n\n\n\n<h4 class=\"wp-block-heading has-text-align-left has-text-color has-link-color wp-elements-aa7ab0f6fce29b47fe25a2f9d76c2d02\" style=\"color:#d6d754\"><strong>CONDICIONES:<\/strong><\/h4>\n\n\n\n<ul class=\"wp-block-list\">\n<li><strong>\ud83e\ude96 Recluta a tu ej\u00e9rcito: <\/strong>10 jugadores m\u00ednimo para realizar la reserva. En el caso de menos jugadores, se cobrar\u00e1 desde 10 jugadores (180 \u20ac) en adelante.<\/li>\n\n\n\n<li>\u2795A partir de aqu\u00ed, cada jugador extra, Kits de Alquiler o servicios se sumar\u00e1n y abonar\u00e1n el d\u00eda del evento seg\u00fan lo correspondiese.<\/li>\n\n\n\n<li><strong>\ud83d\udc68\u200d\ud83d\udc69\u200d\ud83d\udc66\u200d\ud83d\udc66 Edad m\u00ednima para jugar: <\/strong>Por ley, la edad m\u00ednima permitida para practicar Airsoft es de 14 a\u00f1os en adelante. Todo menor de edad deber\u00e1n presentar Nuestro modelo de consentimiento paterno cumplimentado (.PDF)<\/li>\n\n\n\n<li><strong>\ud83c\udf9f\ufe0f Precio por entrada:<\/strong> La entrada\/participaci\u00f3n en la actividad es de 18\u20ac por jugador.<\/li>\n\n\n\n<li><strong>\ud83d\udd2b \u00bfNecesitas equipamiento? Tu arsenal te espera: <\/strong>En el caso de requerir material de juego podr\u00e1s reservar previamente nuestros Kits de Alquiler con todo lo necesario para la batalla. Este tendr\u00e1 un coste de 25\u20ac extras por persona que se sumar\u00e1n a la entrada de juego anteriormente descrita. Incluye: protecci\u00f3n facial homologada, mono de combate, chaleco t\u00e1ctico, r\u00e9plica de Airsoft, cargador y ~1000bbs munici\u00f3n. Esto se abonar\u00e1 en efectivo en el terreno de juego.<\/li>\n\n\n\n<li><strong>\u00bfPuedo traer mi propio equipamiento?:<\/strong> S\u00ed, claro que puedes traerlo. Sin embargo, como m\u00ednimo, exigimos que tu protecci\u00f3n ocular sea homologada. No permitimos artefactos caseros no homologados. Ante la duda, consulta nuestra Normativa o a nuestro STAFF el d\u00eda del evento.<\/li>\n<\/ul>\n\n\n\n<h4 class=\"wp-block-heading has-text-align-right has-text-color has-link-color wp-elements-ceb9e7904130fd1433ae3d8a44cfdf73\" style=\"color:#d6d754\"><strong>RESERVAS Y GRUPOS<\/strong><\/h4>\n\n\n\n<ul class=\"wp-block-list\">\n<li>Escr\u00edbenos un email a <strong>info@campoelcortijo.com<\/strong> cont\u00e1ndonos tu idea y te contestaremos con nuestra disponibilidad, detalles y como hacerla realidad.<\/li>\n\n\n\n<li>O tambi\u00e9n puedes rellenar el siguiente Formulario y te contactaremos nosotros con la mayor brevedad posible: https:\/\/forms.gle\/oq1VeVDSW73tJSUaA<\/li>\n<\/ul>\n<\/div><\/div>\n\n\n\n<div class=\"wp-block-cover alignfull has-parallax\" style=\"min-height:200px;aspect-ratio:unset;\"><div class=\"wp-block-cover__image-background wp-image-141 has-parallax\" style=\"background-position:50% 50%;background-image:url(http:\/\/campoelcortijo.com\/wp-content\/uploads\/2024\/02\/Fondo-3.png)\"><\/div><span aria-hidden=\"true\" class=\"wp-block-cover__background has-background-dim-40 has-background-dim\" style=\"background-color:#000000\"><\/span><div class=\"wp-block-cover__inner-container is-layout-flow wp-block-cover-is-layout-flow\">\n<div class=\"wp-block-columns is-layout-flex wp-container-core-columns-is-layout-9d6595d7 wp-block-columns-is-layout-flex\">\n<div class=\"wp-block-column is-vertically-aligned-center is-layout-flow wp-block-column-is-layout-flow\" style=\"flex-basis:15%\"><div class=\"wp-block-image\">\n<figure class=\"alignleft size-large is-resized\"><img decoding=\"async\" width=\"1024\" height=\"1024\" src=\"http:\/\/campoelcortijo.com\/wp-content\/uploads\/2024\/09\/Logo-depurado-nuevo-blanco-1024x1024.png\" alt=\"\" class=\"wp-image-424\" style=\"width:auto;height:100px\" srcset=\"https:\/\/campoelcortijo.com\/wp-content\/uploads\/2024\/09\/Logo-depurado-nuevo-blanco-1024x1024.png 1024w, https:\/\/campoelcortijo.com\/wp-content\/uploads\/2024\/09\/Logo-depurado-nuevo-blanco-360x360.png 360w, https:\/\/campoelcortijo.com\/wp-content\/uploads\/2024\/09\/Logo-depurado-nuevo-blanco-100x100.png 100w, https:\/\/campoelcortijo.com\/wp-content\/uploads\/2024\/09\/Logo-depurado-nuevo-blanco-600x600.png 600w, https:\/\/campoelcortijo.com\/wp-content\/uploads\/2024\/09\/Logo-depurado-nuevo-blanco-300x300.png 300w, https:\/\/campoelcortijo.com\/wp-content\/uploads\/2024\/09\/Logo-depurado-nuevo-blanco-150x150.png 150w, https:\/\/campoelcortijo.com\/wp-content\/uploads\/2024\/09\/Logo-depurado-nuevo-blanco-768x768.png 768w, https:\/\/campoelcortijo.com\/wp-content\/uploads\/2024\/09\/Logo-depurado-nuevo-blanco-1536x1536.png 1536w, https:\/\/campoelcortijo.com\/wp-content\/uploads\/2024\/09\/Logo-depurado-nuevo-blanco-2048x2048.png 2048w, https:\/\/campoelcortijo.com\/wp-content\/uploads\/2024\/09\/Logo-depurado-nuevo-blanco-24x24.png 24w, https:\/\/campoelcortijo.com\/wp-content\/uploads\/2024\/09\/Logo-depurado-nuevo-blanco-48x48.png 48w, https:\/\/campoelcortijo.com\/wp-content\/uploads\/2024\/09\/Logo-depurado-nuevo-blanco-96x96.png 96w, https:\/\/campoelcortijo.com\/wp-content\/uploads\/2024\/09\/Logo-depurado-nuevo-blanco-250x250.png 250w, https:\/\/campoelcortijo.com\/wp-content\/uploads\/2024\/09\/Logo-depurado-nuevo-blanco-140x140.png 140w, https:\/\/campoelcortijo.com\/wp-content\/uploads\/2024\/09\/Logo-depurado-nuevo-blanco-110x110.png 110w, https:\/\/campoelcortijo.com\/wp-content\/uploads\/2024\/09\/Logo-depurado-nuevo-blanco-275x275.png 275w, https:\/\/campoelcortijo.com\/wp-content\/uploads\/2024\/09\/Logo-depurado-nuevo-blanco-800x800.png 800w, https:\/\/campoelcortijo.com\/wp-content\/uploads\/2024\/09\/Logo-depurado-nuevo-blanco-550x550.png 550w\" sizes=\"(max-width: 1024px) 100vw, 1024px\" \/><\/figure>\n<\/div><\/div>\n\n\n\n<div class=\"wp-block-column is-layout-flow wp-block-column-is-layout-flow\" style=\"flex-basis:70%\">\n<h4 class=\"wp-block-heading alignwide has-text-align-center has-text-color has-link-color wp-elements-6776ffd721f5a833381b4d7df773a71d\" style=\"color:#d6d754\">Descarga las normativas del centro.<\/h4>\n\n\n\n<p class=\"has-text-align-center\" style=\"font-size:20px\">Es imprescindible que leas las normas del centro para garantizar la seguridad y diversi\u00f3n de todos.<br>Aseg\u00farate de estar bien informado sobre las pautas de comportamiento y seguridad que seguimos.<\/p>\n\n\n\n<div class=\"wp-block-buttons alignwide is-vertical is-content-justification-center is-layout-flex wp-container-core-buttons-is-layout-6c6ac9d5 wp-block-buttons-is-layout-flex\">\n<div class=\"wp-block-button is-style-outline is-style-outline--4\"><a class=\"wp-block-button__link has-text-color has-background has-text-align-center wp-element-button\" href=\"http:\/\/campoelcortijo.com\/wp-content\/uploads\/2024\/10\/00.-Normativa-Campo-Airsoft-El-Cortijo-Enero-2024.pdf\" style=\"color:#ffffff;background-color:#000000\" target=\"_blank\" rel=\"noreferrer noopener\">Descargar<\/a><\/div>\n<\/div>\n<\/div>\n\n\n\n<div class=\"wp-block-column is-vertically-aligned-center is-layout-flow wp-block-column-is-layout-flow\" style=\"flex-basis:15%\"><div class=\"wp-block-image\">\n<figure class=\"alignright size-large is-resized\"><img decoding=\"async\" width=\"1024\" height=\"1024\" src=\"http:\/\/campoelcortijo.com\/wp-content\/uploads\/2024\/09\/Logo-depurado-nuevo-blanco-1024x1024.png\" alt=\"\" class=\"wp-image-424\" style=\"width:auto;height:100px\" srcset=\"https:\/\/campoelcortijo.com\/wp-content\/uploads\/2024\/09\/Logo-depurado-nuevo-blanco-1024x1024.png 1024w, https:\/\/campoelcortijo.com\/wp-content\/uploads\/2024\/09\/Logo-depurado-nuevo-blanco-360x360.png 360w, https:\/\/campoelcortijo.com\/wp-content\/uploads\/2024\/09\/Logo-depurado-nuevo-blanco-100x100.png 100w, https:\/\/campoelcortijo.com\/wp-content\/uploads\/2024\/09\/Logo-depurado-nuevo-blanco-600x600.png 600w, https:\/\/campoelcortijo.com\/wp-content\/uploads\/2024\/09\/Logo-depurado-nuevo-blanco-300x300.png 300w, https:\/\/campoelcortijo.com\/wp-content\/uploads\/2024\/09\/Logo-depurado-nuevo-blanco-150x150.png 150w, https:\/\/campoelcortijo.com\/wp-content\/uploads\/2024\/09\/Logo-depurado-nuevo-blanco-768x768.png 768w, https:\/\/campoelcortijo.com\/wp-content\/uploads\/2024\/09\/Logo-depurado-nuevo-blanco-1536x1536.png 1536w, https:\/\/campoelcortijo.com\/wp-content\/uploads\/2024\/09\/Logo-depurado-nuevo-blanco-2048x2048.png 2048w, https:\/\/campoelcortijo.com\/wp-content\/uploads\/2024\/09\/Logo-depurado-nuevo-blanco-24x24.png 24w, https:\/\/campoelcortijo.com\/wp-content\/uploads\/2024\/09\/Logo-depurado-nuevo-blanco-48x48.png 48w, https:\/\/campoelcortijo.com\/wp-content\/uploads\/2024\/09\/Logo-depurado-nuevo-blanco-96x96.png 96w, https:\/\/campoelcortijo.com\/wp-content\/uploads\/2024\/09\/Logo-depurado-nuevo-blanco-250x250.png 250w, https:\/\/campoelcortijo.com\/wp-content\/uploads\/2024\/09\/Logo-depurado-nuevo-blanco-140x140.png 140w, https:\/\/campoelcortijo.com\/wp-content\/uploads\/2024\/09\/Logo-depurado-nuevo-blanco-110x110.png 110w, https:\/\/campoelcortijo.com\/wp-content\/uploads\/2024\/09\/Logo-depurado-nuevo-blanco-275x275.png 275w, https:\/\/campoelcortijo.com\/wp-content\/uploads\/2024\/09\/Logo-depurado-nuevo-blanco-800x800.png 800w, https:\/\/campoelcortijo.com\/wp-content\/uploads\/2024\/09\/Logo-depurado-nuevo-blanco-550x550.png 550w\" sizes=\"(max-width: 1024px) 100vw, 1024px\" \/><\/figure>\n<\/div><\/div>\n<\/div>\n<\/div><\/div>\n","protected":false},"excerpt":{"rendered":"<p>Partidas P\u00fablicas: \u00a1\u00danete a la aventura! \u00bfQuieres descubrir Campo Airsoft El Cortijo? \u00bfQuieres probar el airsoft? \u00a1No te preocupes! Novato o Veterano, nuestras partidas p\u00fablicas son la oportunidad perfecta para sumarte a la acci\u00f3n r\u00e1pidamente Ven a jugar, solo o acompa\u00f1ado con o sin mateiral y prep\u00e1rate para enfrentarte a a una batalla \u00e9pica: La mejor manera de conocer a gente con tus mismas ganas de adrenalina, compartir estrategias y, qui\u00e9n sabe, tal vez formar tu propio equipo para futuras batallas. INCLUYE: HORARIO Y DISPONIBILIDAD: Partidas Privadas: \u00a1Tu batalla a tu medida! Aqu\u00ed mandas t\u00fa: elige a tu equipo, define tus propias reglas, y disfruta del campo de batalla en exclusiva para ti y tus amigos. Ya sea que quieras celebrar un cumplea\u00f1os, un evento corporativo, o simplemente pasar un d\u00eda \u00e9pico con tu grupo, estas partidas te permiten dise\u00f1ar la aventura a tu medida. Sin desconocidos, sin prisas, solo [&hellip;]<\/p>\n","protected":false},"author":1,"featured_media":141,"parent":0,"menu_order":0,"comment_status":"closed","ping_status":"closed","template":"","meta":{"om_disable_all_campaigns":false,"_uf_show_specific_survey":0,"_uf_disable_surveys":false,"footnotes":""},"class_list":["post-44","page","type-page","status-publish","has-post-thumbnail","hentry"],"aioseo_notices":[],"_links":{"self":[{"href":"https:\/\/campoelcortijo.com\/index.php\/wp-json\/wp\/v2\/pages\/44","targetHints":{"allow":["GET"]}}],"collection":[{"href":"https:\/\/campoelcortijo.com\/index.php\/wp-json\/wp\/v2\/pages"}],"about":[{"href":"https:\/\/campoelcortijo.com\/index.php\/wp-json\/wp\/v2\/types\/page"}],"author":[{"embeddable":true,"href":"https:\/\/campoelcortijo.com\/index.php\/wp-json\/wp\/v2\/users\/1"}],"replies":[{"embeddable":true,"href":"https:\/\/campoelcortijo.com\/index.php\/wp-json\/wp\/v2\/comments?post=44"}],"version-history":[{"count":82,"href":"https:\/\/campoelcortijo.com\/index.php\/wp-json\/wp\/v2\/pages\/44\/revisions"}],"predecessor-version":[{"id":3004,"href":"https:\/\/campoelcortijo.com\/index.php\/wp-json\/wp\/v2\/pages\/44\/revisions\/3004"}],"wp:featuredmedia":[{"embeddable":true,"href":"https:\/\/campoelcortijo.com\/index.php\/wp-json\/wp\/v2\/media\/141"}],"wp:attachment":[{"href":"https:\/\/campoelcortijo.com\/index.php\/wp-json\/wp\/v2\/media?parent=44"}],"curies":[{"name":"wp","href":"https:\/\/api.w.org\/{rel}","templated":true}]}}