{"id":48,"date":"2024-01-30T12:21:21","date_gmt":"2024-01-30T11:21:21","guid":{"rendered":"https:\/\/campoelcortijo.com\/?page_id=48"},"modified":"2024-10-22T13:28:02","modified_gmt":"2024-10-22T11:28:02","slug":"parque-infantil","status":"publish","type":"page","link":"https:\/\/campoelcortijo.com\/index.php\/parque-infantil\/","title":{"rendered":"Parque Infantil"},"content":{"rendered":"\n<div style=\"height:20px\" aria-hidden=\"true\" class=\"wp-block-spacer\"><\/div>\n\n\n\n<div class=\"wp-block-cover alignfull has-parallax\" style=\"min-height:600px;aspect-ratio:unset;\"><span aria-hidden=\"true\" class=\"wp-block-cover__background has-background-dim-40 has-background-dim\" style=\"background-color:#000000\"><\/span><div class=\"wp-block-cover__image-background wp-image-569 has-parallax\" style=\"background-position:50% 50%;background-image:url(http:\/\/campoelcortijo.com\/wp-content\/uploads\/2024\/09\/Downloader.la-649985c0426e3.jpg)\"><\/div><div class=\"wp-block-cover__inner-container is-layout-flow wp-block-cover-is-layout-flow\">\n<h4 class=\"wp-block-heading alignwide has-white-color has-text-color\" style=\"font-size:48px;line-height:1.2\">Parque Infantil  <br><\/h4>\n\n\n\n<div class=\"wp-block-columns alignwide is-layout-flex wp-container-core-columns-is-layout-9d6595d7 wp-block-columns-is-layout-flex\">\n<div class=\"wp-block-column is-layout-flow wp-block-column-is-layout-flow\" style=\"flex-basis:60%\">\n<p class=\"has-text-color\" style=\"color:#ffffff;font-size:20px\">Sabemos que no siempre es f\u00e1cil organizar una escapada de acci\u00f3n cuando tienes ni\u00f1os peque\u00f1os, pero en nuestro centro, \u00a1eso no es un problema! Mientras disfrutas de la adrenalina en nuestros campos de juego, tus hijos tambi\u00e9n podr\u00e1n vivir su propia aventura en nuestro <strong>parque infantil con bolas<\/strong>.<\/p>\n\n\n\n<p class=\"has-text-color\" style=\"color:#ffffff;font-size:20px\">Un espacio especialmente dise\u00f1ado para que ellos se diviertan de manera segura mientras t\u00fa te concentras en la partida. As\u00ed, tanto grandes como peque\u00f1os pueden disfrutar al m\u00e1ximo de su tiempo en el centro. <\/p>\n\n\n\n<p class=\"has-text-color\" style=\"color:#ffffff;font-size:20px\">Los padres pueden relajarse y centrarse en su partida, sabiendo que sus hijos est\u00e1n en un entorno seguro y divertido, lleno de juegos y risas. \u00a1Aqu\u00ed, la diversi\u00f3n es para toda la familia!<\/p>\n\n\n\n<div class=\"wp-block-buttons is-layout-flex wp-block-buttons-is-layout-flex\">\n<div class=\"wp-block-button is-style-outline is-style-outline--1\"><a class=\"wp-block-button__link has-text-color has-background wp-element-button\" href=\"https:\/\/forms.gle\/oq1VeVDSW73tJSUaA\" style=\"color:#ffffff;background-color:#000000\">Contacto<\/a><\/div>\n<\/div>\n<\/div>\n\n\n\n<div class=\"wp-block-column is-layout-flow wp-block-column-is-layout-flow\"><\/div>\n<\/div>\n<\/div><\/div>\n\n\n\n<hr class=\"wp-block-separator has-alpha-channel-opacity\"\/>\n\n\n\n<div style=\"height:25px\" aria-hidden=\"true\" class=\"wp-block-spacer\"><\/div>\n\n\n\n<div class=\"wp-block-columns is-layout-flex wp-container-core-columns-is-layout-9d6595d7 wp-block-columns-is-layout-flex\">\n<div class=\"wp-block-column is-layout-flow wp-block-column-is-layout-flow\" style=\"flex-basis:33.33%\"><div class=\"wp-block-image\">\n<figure class=\"aligncenter size-full is-resized\"><img fetchpriority=\"high\" decoding=\"async\" width=\"668\" height=\"510\" src=\"https:\/\/campoelcortijo.com\/wp-content\/uploads\/2024\/09\/89772265_1666039553520032_1744703513356664832_n.jpg\" alt=\"\" class=\"wp-image-570\" style=\"width:600px\" srcset=\"https:\/\/campoelcortijo.com\/wp-content\/uploads\/2024\/09\/89772265_1666039553520032_1744703513356664832_n.jpg 668w, https:\/\/campoelcortijo.com\/wp-content\/uploads\/2024\/09\/89772265_1666039553520032_1744703513356664832_n-600x458.jpg 600w, https:\/\/campoelcortijo.com\/wp-content\/uploads\/2024\/09\/89772265_1666039553520032_1744703513356664832_n-300x229.jpg 300w, https:\/\/campoelcortijo.com\/wp-content\/uploads\/2024\/09\/89772265_1666039553520032_1744703513356664832_n-550x420.jpg 550w\" sizes=\"(max-width: 668px) 100vw, 668px\" \/><\/figure>\n<\/div><\/div>\n\n\n\n<div class=\"wp-block-column is-vertically-aligned-center is-layout-flow wp-block-column-is-layout-flow\" style=\"flex-basis:66.66%\">\n<h4 class=\"wp-block-heading has-text-color has-link-color wp-elements-8bebf02f93e07e09900cfc1200fc2c0b\" style=\"color:#d6d754\">Parque Infantil con Bolas<br>Diversi\u00f3n para los Peques <\/h4>\n\n\n\n<p style=\"font-size:20px\">Nuestro parque est\u00e1 equipado con una zona de juegos llena de color, donde los m\u00e1s peque\u00f1os pueden explorar, saltar y jugar en un entorno protegido y supervisado. <\/p>\n\n\n\n<p style=\"font-size:20px\">Las bolas de colores, toboganes y \u00e1reas para trepar aseguran que los ni\u00f1os tengan su propia dosis de entretenimiento mientras t\u00fa te lanzas a la batalla. <\/p>\n\n\n\n<p style=\"font-size:20px\">Adem\u00e1s, nuestro personal siempre est\u00e1 atento para que los peques se lo pasen en grande y est\u00e9n en buenas manos durante tu ausencia.<\/p>\n<\/div>\n<\/div>\n\n\n\n<div style=\"height:25px\" aria-hidden=\"true\" class=\"wp-block-spacer\"><\/div>\n\n\n\n<div class=\"wp-block-cover alignfull has-parallax\" style=\"min-height:150px;aspect-ratio:unset;\"><span aria-hidden=\"true\" class=\"wp-block-cover__background has-background-dim-40 has-background-dim\" style=\"background-color:#000000\"><\/span><div class=\"wp-block-cover__image-background wp-image-568 has-parallax\" style=\"background-position:50% 50%;background-image:url(http:\/\/campoelcortijo.com\/wp-content\/uploads\/2024\/09\/Downloader.la-6499859a8ef7b.jpg)\"><\/div><div class=\"wp-block-cover__inner-container is-layout-flow wp-block-cover-is-layout-flow\"><div class=\"wp-block-image\">\n<figure class=\"aligncenter size-medium is-resized\"><img decoding=\"async\" width=\"300\" height=\"81\" src=\"https:\/\/campoelcortijo.com\/wp-content\/uploads\/2024\/02\/Logo-2023-sombra-300x81.png\" alt=\"\" class=\"wp-image-138\" style=\"width:404px\" srcset=\"https:\/\/campoelcortijo.com\/wp-content\/uploads\/2024\/02\/Logo-2023-sombra-300x81.png 300w, https:\/\/campoelcortijo.com\/wp-content\/uploads\/2024\/02\/Logo-2023-sombra-600x162.png 600w, https:\/\/campoelcortijo.com\/wp-content\/uploads\/2024\/02\/Logo-2023-sombra-1024x277.png 1024w, https:\/\/campoelcortijo.com\/wp-content\/uploads\/2024\/02\/Logo-2023-sombra-768x207.png 768w, https:\/\/campoelcortijo.com\/wp-content\/uploads\/2024\/02\/Logo-2023-sombra-1536x415.png 1536w, https:\/\/campoelcortijo.com\/wp-content\/uploads\/2024\/02\/Logo-2023-sombra-2048x553.png 2048w, https:\/\/campoelcortijo.com\/wp-content\/uploads\/2024\/02\/Logo-2023-sombra-800x216.png 800w, https:\/\/campoelcortijo.com\/wp-content\/uploads\/2024\/02\/Logo-2023-sombra-550x149.png 550w\" sizes=\"(max-width: 300px) 100vw, 300px\" \/><\/figure>\n<\/div><\/div><\/div>\n","protected":false},"excerpt":{"rendered":"<p>Parque Infantil con BolasDiversi\u00f3n para los Peques Nuestro parque est\u00e1 equipado con una zona de juegos llena de color, donde los m\u00e1s peque\u00f1os pueden explorar, saltar y jugar en un entorno protegido y supervisado. Las bolas de colores, toboganes y \u00e1reas para trepar aseguran que los ni\u00f1os tengan su propia dosis de entretenimiento mientras t\u00fa te lanzas a la batalla. Adem\u00e1s, nuestro personal siempre est\u00e1 atento para que los peques se lo pasen en grande y est\u00e9n en buenas manos durante tu ausencia.<\/p>\n","protected":false},"author":1,"featured_media":141,"parent":0,"menu_order":0,"comment_status":"closed","ping_status":"closed","template":"","meta":{"om_disable_all_campaigns":false,"_uf_show_specific_survey":0,"_uf_disable_surveys":false,"footnotes":""},"class_list":["post-48","page","type-page","status-publish","has-post-thumbnail","hentry"],"aioseo_notices":[],"_links":{"self":[{"href":"https:\/\/campoelcortijo.com\/index.php\/wp-json\/wp\/v2\/pages\/48","targetHints":{"allow":["GET"]}}],"collection":[{"href":"https:\/\/campoelcortijo.com\/index.php\/wp-json\/wp\/v2\/pages"}],"about":[{"href":"https:\/\/campoelcortijo.com\/index.php\/wp-json\/wp\/v2\/types\/page"}],"author":[{"embeddable":true,"href":"https:\/\/campoelcortijo.com\/index.php\/wp-json\/wp\/v2\/users\/1"}],"replies":[{"embeddable":true,"href":"https:\/\/campoelcortijo.com\/index.php\/wp-json\/wp\/v2\/comments?post=48"}],"version-history":[{"count":16,"href":"https:\/\/campoelcortijo.com\/index.php\/wp-json\/wp\/v2\/pages\/48\/revisions"}],"predecessor-version":[{"id":1674,"href":"https:\/\/campoelcortijo.com\/index.php\/wp-json\/wp\/v2\/pages\/48\/revisions\/1674"}],"wp:featuredmedia":[{"embeddable":true,"href":"https:\/\/campoelcortijo.com\/index.php\/wp-json\/wp\/v2\/media\/141"}],"wp:attachment":[{"href":"https:\/\/campoelcortijo.com\/index.php\/wp-json\/wp\/v2\/media?parent=48"}],"curies":[{"name":"wp","href":"https:\/\/api.w.org\/{rel}","templated":true}]}}