{"id":49,"date":"2024-01-30T12:21:21","date_gmt":"2024-01-30T11:21:21","guid":{"rendered":"https:\/\/campoelcortijo.com\/?page_id=49"},"modified":"2024-10-22T13:28:14","modified_gmt":"2024-10-22T11:28:14","slug":"celebra-tu-bbq","status":"publish","type":"page","link":"https:\/\/campoelcortijo.com\/index.php\/celebra-tu-bbq\/","title":{"rendered":"Celebra tu BBQ"},"content":{"rendered":"\n<div style=\"height:20px\" aria-hidden=\"true\" class=\"wp-block-spacer\"><\/div>\n\n\n\n<div class=\"wp-block-cover alignfull has-parallax\" style=\"min-height:600px;aspect-ratio:unset;\"><span aria-hidden=\"true\" class=\"wp-block-cover__background has-background-dim-30 has-background-dim\" style=\"background-color:#000000\"><\/span><div class=\"wp-block-cover__image-background wp-image-348 has-parallax\" style=\"background-position:50% 50%;background-image:url(http:\/\/campoelcortijo.com\/wp-content\/uploads\/2024\/09\/Downloader.la-649d457aa5716.jpg)\"><\/div><div class=\"wp-block-cover__inner-container is-layout-flow wp-block-cover-is-layout-flow\">\n<h4 class=\"wp-block-heading alignwide has-white-color has-text-color\" style=\"font-size:48px;line-height:1.2\">Zona de Barbacoa<\/h4>\n\n\n\n<div class=\"wp-block-columns alignwide is-layout-flex wp-container-core-columns-is-layout-9d6595d7 wp-block-columns-is-layout-flex\">\n<div class=\"wp-block-column is-layout-flow wp-block-column-is-layout-flow\" style=\"flex-basis:60%\">\n<p class=\"has-text-color\" style=\"color:#ffffff;font-size:20px\">Despu\u00e9s de un d\u00eda lleno de acci\u00f3n y adrenalina en nuestras partidas, nada como cerrar la jornada disfrutando de una buena comida al aire libre. <\/p>\n\n\n\n<p class=\"has-text-color\" style=\"color:#ffffff;font-size:20px\">Nuestra <strong>zona de barbacoa<\/strong> est\u00e1 especialmente dise\u00f1ada para que t\u00fa y tu equipo pod\u00e1is relajaros, disfrutar del aire libre y recargar energ\u00edas tras la batalla. <\/p>\n\n\n\n<p class=\"has-text-color\" style=\"color:#ffffff;font-size:20px\">Contamos con un espacio amplio, rodeado de naturaleza, equipado con mesas c\u00f3modas y todo lo necesario para que prepares una barbacoa a tu gusto. Aqu\u00ed puedes traer tus propios alimentos y crear un fest\u00edn a medida, o simplemente disfrutar del ambiente mientras compartes risas y an\u00e9cdotas con tus amigos o familiares. <\/p>\n\n\n\n<p class=\"has-text-color\" style=\"color:#ffffff;font-size:20px\">Adem\u00e1s, la zona es ideal para aquellos que quieran organizar <strong>eventos privados<\/strong> o celebraciones especiales, como cumplea\u00f1os, reuniones de empresa o despedidas de soltero, \u00a1todo con el toque especial de una buena parrilla!<\/p>\n\n\n\n<div class=\"wp-block-buttons is-layout-flex wp-block-buttons-is-layout-flex\">\n<div class=\"wp-block-button is-style-outline is-style-outline--1\"><a class=\"wp-block-button__link has-text-color has-background wp-element-button\" href=\"https:\/\/forms.gle\/oq1VeVDSW73tJSUaA\" style=\"color:#ffffff;background-color:#000000\">Contacto<\/a><\/div>\n<\/div>\n<\/div>\n<\/div>\n<\/div><\/div>\n\n\n\n<hr class=\"wp-block-separator has-alpha-channel-opacity\"\/>\n\n\n\n<div class=\"wp-block-columns is-layout-flex wp-container-core-columns-is-layout-9d6595d7 wp-block-columns-is-layout-flex\">\n<div class=\"wp-block-column is-vertically-aligned-center is-layout-flow wp-block-column-is-layout-flow\" style=\"flex-basis:33.33%\"><div class=\"wp-block-image\">\n<figure class=\"aligncenter size-large\"><img fetchpriority=\"high\" decoding=\"async\" width=\"768\" height=\"1024\" src=\"http:\/\/campoelcortijo.com\/wp-content\/uploads\/2024\/09\/IMG_9293-768x1024.jpg\" alt=\"\" class=\"wp-image-352\" srcset=\"https:\/\/campoelcortijo.com\/wp-content\/uploads\/2024\/09\/IMG_9293-768x1024.jpg 768w, https:\/\/campoelcortijo.com\/wp-content\/uploads\/2024\/09\/IMG_9293-600x800.jpg 600w, https:\/\/campoelcortijo.com\/wp-content\/uploads\/2024\/09\/IMG_9293-225x300.jpg 225w, https:\/\/campoelcortijo.com\/wp-content\/uploads\/2024\/09\/IMG_9293-1152x1536.jpg 1152w, https:\/\/campoelcortijo.com\/wp-content\/uploads\/2024\/09\/IMG_9293-1536x2048.jpg 1536w, https:\/\/campoelcortijo.com\/wp-content\/uploads\/2024\/09\/IMG_9293-413x550.jpg 413w\" sizes=\"(max-width: 768px) 100vw, 768px\" \/><\/figure>\n<\/div><\/div>\n\n\n\n<div class=\"wp-block-column is-vertically-aligned-center is-layout-flow wp-block-column-is-layout-flow\" style=\"flex-basis:66.66%\">\n<h4 class=\"wp-block-heading has-text-color has-link-color wp-elements-79480e36a2a5774c42f258dc0f97d8e1\" style=\"color:#d6d754\"><strong>Zona de Barbacoa <\/strong><br><strong>\u00a1El Plan Perfecto para Relajarte <\/strong><br><strong>y Compartir!<\/strong><\/h4>\n\n\n\n<p style=\"font-size:20px\">La <strong>zona de barbacoa<\/strong> no solo es un lugar para comer, sino un espacio perfecto para socializar y seguir disfrutando de la experiencia despu\u00e9s de las partidas. Las mesas est\u00e1n distribuidas de forma que todo el grupo pueda estar junto, disfrutando del buen tiempo y la buena compa\u00f1\u00eda. <\/p>\n\n\n\n<p style=\"font-size:20px\">\u00bfTe imaginas terminar una partida \u00e9pica de airsoft o paintball y luego relajarte con una barbacoa mientras compartes los mejores momentos del d\u00eda?<\/p>\n\n\n\n<p style=\"font-size:20px\">Para que tu experiencia sea a\u00fan mejor, ofrecemos la posibilidad de <strong>reservar<\/strong> el espacio de barbacoa con antelaci\u00f3n, asegurando que tengas el lugar perfecto para disfrutar despu\u00e9s del juego. <\/p>\n\n\n\n<p style=\"font-size:20px\">As\u00ed que si est\u00e1s buscando un plan completo, que combine emoci\u00f3n, naturaleza y buena comida, nuestra zona de barbacoa es justo lo que necesitas.<\/p>\n<\/div>\n<\/div>\n\n\n\n<div class=\"wp-block-cover alignfull has-parallax\" style=\"min-height:150px;aspect-ratio:unset;\"><span aria-hidden=\"true\" class=\"wp-block-cover__background has-background-dim-40 has-background-dim\" style=\"background-color:#000000\"><\/span><div class=\"wp-block-cover__image-background wp-image-351 has-parallax\" style=\"background-position:50% 50%;background-image:url(http:\/\/campoelcortijo.com\/wp-content\/uploads\/2024\/09\/barbacoa.jpg)\"><\/div><div class=\"wp-block-cover__inner-container is-layout-flow wp-block-cover-is-layout-flow\"><div class=\"wp-block-image\">\n<figure class=\"aligncenter size-medium is-resized\"><img decoding=\"async\" width=\"300\" height=\"81\" src=\"https:\/\/campoelcortijo.com\/wp-content\/uploads\/2024\/02\/Logo-2023-sombra-300x81.png\" alt=\"\" class=\"wp-image-138\" style=\"width:404px\" srcset=\"https:\/\/campoelcortijo.com\/wp-content\/uploads\/2024\/02\/Logo-2023-sombra-300x81.png 300w, https:\/\/campoelcortijo.com\/wp-content\/uploads\/2024\/02\/Logo-2023-sombra-600x162.png 600w, https:\/\/campoelcortijo.com\/wp-content\/uploads\/2024\/02\/Logo-2023-sombra-1024x277.png 1024w, https:\/\/campoelcortijo.com\/wp-content\/uploads\/2024\/02\/Logo-2023-sombra-768x207.png 768w, https:\/\/campoelcortijo.com\/wp-content\/uploads\/2024\/02\/Logo-2023-sombra-1536x415.png 1536w, https:\/\/campoelcortijo.com\/wp-content\/uploads\/2024\/02\/Logo-2023-sombra-2048x553.png 2048w, https:\/\/campoelcortijo.com\/wp-content\/uploads\/2024\/02\/Logo-2023-sombra-800x216.png 800w, https:\/\/campoelcortijo.com\/wp-content\/uploads\/2024\/02\/Logo-2023-sombra-550x149.png 550w\" sizes=\"(max-width: 300px) 100vw, 300px\" \/><\/figure>\n<\/div><\/div><\/div>\n","protected":false},"excerpt":{"rendered":"<p>Zona de Barbacoa \u00a1El Plan Perfecto para Relajarte y Compartir! La zona de barbacoa no solo es un lugar para comer, sino un espacio perfecto para socializar y seguir disfrutando de la experiencia despu\u00e9s de las partidas. Las mesas est\u00e1n distribuidas de forma que todo el grupo pueda estar junto, disfrutando del buen tiempo y la buena compa\u00f1\u00eda. \u00bfTe imaginas terminar una partida \u00e9pica de airsoft o paintball y luego relajarte con una barbacoa mientras compartes los mejores momentos del d\u00eda? Para que tu experiencia sea a\u00fan mejor, ofrecemos la posibilidad de reservar el espacio de barbacoa con antelaci\u00f3n, asegurando que tengas el lugar perfecto para disfrutar despu\u00e9s del juego. As\u00ed que si est\u00e1s buscando un plan completo, que combine emoci\u00f3n, naturaleza y buena comida, nuestra zona de barbacoa es justo lo que necesitas.<\/p>\n","protected":false},"author":1,"featured_media":141,"parent":0,"menu_order":0,"comment_status":"closed","ping_status":"closed","template":"","meta":{"om_disable_all_campaigns":false,"_uf_show_specific_survey":0,"_uf_disable_surveys":false,"footnotes":""},"class_list":["post-49","page","type-page","status-publish","has-post-thumbnail","hentry"],"aioseo_notices":[],"_links":{"self":[{"href":"https:\/\/campoelcortijo.com\/index.php\/wp-json\/wp\/v2\/pages\/49","targetHints":{"allow":["GET"]}}],"collection":[{"href":"https:\/\/campoelcortijo.com\/index.php\/wp-json\/wp\/v2\/pages"}],"about":[{"href":"https:\/\/campoelcortijo.com\/index.php\/wp-json\/wp\/v2\/types\/page"}],"author":[{"embeddable":true,"href":"https:\/\/campoelcortijo.com\/index.php\/wp-json\/wp\/v2\/users\/1"}],"replies":[{"embeddable":true,"href":"https:\/\/campoelcortijo.com\/index.php\/wp-json\/wp\/v2\/comments?post=49"}],"version-history":[{"count":22,"href":"https:\/\/campoelcortijo.com\/index.php\/wp-json\/wp\/v2\/pages\/49\/revisions"}],"predecessor-version":[{"id":1675,"href":"https:\/\/campoelcortijo.com\/index.php\/wp-json\/wp\/v2\/pages\/49\/revisions\/1675"}],"wp:featuredmedia":[{"embeddable":true,"href":"https:\/\/campoelcortijo.com\/index.php\/wp-json\/wp\/v2\/media\/141"}],"wp:attachment":[{"href":"https:\/\/campoelcortijo.com\/index.php\/wp-json\/wp\/v2\/media?parent=49"}],"curies":[{"name":"wp","href":"https:\/\/api.w.org\/{rel}","templated":true}]}}