{"id":51,"date":"2024-01-30T12:21:21","date_gmt":"2024-01-30T11:21:21","guid":{"rendered":"https:\/\/campoelcortijo.com\/?page_id=51"},"modified":"2024-10-21T19:16:43","modified_gmt":"2024-10-21T17:16:43","slug":"individual-somos-pocos","status":"publish","type":"page","link":"https:\/\/campoelcortijo.com\/index.php\/individual-somos-pocos\/","title":{"rendered":"Individual\/ Somos pocos"},"content":{"rendered":"\n<div style=\"height:20px\" aria-hidden=\"true\" class=\"wp-block-spacer\"><\/div>\n\n\n\n<div class=\"wp-block-cover alignfull has-parallax\" style=\"min-height:600px;aspect-ratio:unset;\"><span aria-hidden=\"true\" class=\"wp-block-cover__background has-background-dim-40 has-background-dim\" style=\"background-color:#000000\"><\/span><div class=\"wp-block-cover__image-background wp-image-784 has-parallax\" style=\"background-position:50% 50%;background-image:url(http:\/\/campoelcortijo.com\/wp-content\/uploads\/2024\/09\/Downloader.la-647f4315ec118.jpg)\"><\/div><div class=\"wp-block-cover__inner-container is-layout-flow wp-block-cover-is-layout-flow\">\n<h2 class=\"wp-block-heading alignwide has-white-color has-text-color\" style=\"font-size:48px;line-height:1.2\">Inscripci\u00f3n Individual<\/h2>\n\n\n\n<div class=\"wp-block-columns alignwide is-layout-flex wp-container-core-columns-is-layout-9d6595d7 wp-block-columns-is-layout-flex\">\n<div class=\"wp-block-column is-layout-flow wp-block-column-is-layout-flow\" style=\"flex-basis:60%\">\n<p class=\"has-text-color\" style=\"color:#ffffff;font-size:20px\">\u00bfTe apetece una dosis de adrenalina, pero no tienes un grupo grande para armar una partida? \u00a1No te preocupes! Aqu\u00ed, la acci\u00f3n nunca se detiene, y siempre encontrar\u00e1s una oportunidad para lanzarte al campo de batalla, ya sea solo o con un par de amigos.<\/p>\n\n\n\n<p class=\"has-text-color\" style=\"color:#ffffff;font-size:20px\">Si vienes <strong>solo<\/strong>, te unir\u00e1s a otros jugadores en nuestras emocionantes <strong>partidas p\u00fablicas<\/strong>, donde te enfrentar\u00e1s a nuevos desaf\u00edos y conocer\u00e1s a otros apasionados del airsoft como t\u00fa. Cada partida es \u00fanica, y el dinamismo de los distintos equipos har\u00e1 que cada encuentro sea una experiencia diferente. <\/p>\n\n\n\n<p class=\"has-text-color\" style=\"color:#ffffff;font-size:20px\">\u00bfTienes la estrategia para liderar o prefieres infiltrarte en silencio? Sea cual sea tu estilo, siempre habr\u00e1 un lugar para ti en la batalla.<\/p>\n\n\n\n<div class=\"wp-block-buttons is-layout-flex wp-block-buttons-is-layout-flex\">\n<div class=\"wp-block-button is-style-outline is-style-outline--1\"><a class=\"wp-block-button__link has-text-color has-background wp-element-button\" href=\"https:\/\/docs.google.com\/forms\/d\/e\/1FAIpQLSdLrYXXyiDBrF0CfG2XW3Hdco9N8rmBdT6Vu34Za6pRkT-Sdg\/viewform\" style=\"color:#ffffff;background-color:#000000\">Inscr\u00edbete<\/a><\/div>\n<\/div>\n<\/div>\n<\/div>\n<\/div><\/div>\n\n\n\n<hr class=\"wp-block-separator has-alpha-channel-opacity\"\/>\n\n\n\n<div style=\"height:25px\" aria-hidden=\"true\" class=\"wp-block-spacer\"><\/div>\n\n\n\n<div class=\"wp-block-columns is-layout-flex wp-container-core-columns-is-layout-9d6595d7 wp-block-columns-is-layout-flex\">\n<div class=\"wp-block-column is-vertically-aligned-center is-layout-flow wp-block-column-is-layout-flow\" style=\"flex-basis:33.33%\">\n<figure class=\"wp-block-image alignwide size-full is-style-rounded\"><img fetchpriority=\"high\" decoding=\"async\" width=\"1024\" height=\"680\" src=\"http:\/\/campoelcortijo.com\/wp-content\/uploads\/2024\/09\/Downloader.la-649bda3fbc28b.jpg\" alt=\"\" class=\"wp-image-259\" srcset=\"https:\/\/campoelcortijo.com\/wp-content\/uploads\/2024\/09\/Downloader.la-649bda3fbc28b.jpg 1024w, https:\/\/campoelcortijo.com\/wp-content\/uploads\/2024\/09\/Downloader.la-649bda3fbc28b-600x398.jpg 600w, https:\/\/campoelcortijo.com\/wp-content\/uploads\/2024\/09\/Downloader.la-649bda3fbc28b-300x199.jpg 300w, https:\/\/campoelcortijo.com\/wp-content\/uploads\/2024\/09\/Downloader.la-649bda3fbc28b-768x510.jpg 768w, https:\/\/campoelcortijo.com\/wp-content\/uploads\/2024\/09\/Downloader.la-649bda3fbc28b-128x84.jpg 128w, https:\/\/campoelcortijo.com\/wp-content\/uploads\/2024\/09\/Downloader.la-649bda3fbc28b-495x330.jpg 495w, https:\/\/campoelcortijo.com\/wp-content\/uploads\/2024\/09\/Downloader.la-649bda3fbc28b-800x531.jpg 800w, https:\/\/campoelcortijo.com\/wp-content\/uploads\/2024\/09\/Downloader.la-649bda3fbc28b-755x500.jpg 755w, https:\/\/campoelcortijo.com\/wp-content\/uploads\/2024\/09\/Downloader.la-649bda3fbc28b-550x365.jpg 550w\" sizes=\"(max-width: 1024px) 100vw, 1024px\" \/><\/figure>\n<\/div>\n\n\n\n<div class=\"wp-block-column is-layout-flow wp-block-column-is-layout-flow\" style=\"flex-basis:66.66%\">\n<h4 class=\"wp-block-heading has-text-color has-link-color wp-elements-405930caac9ffbca1822bde2ad8e7201\" style=\"color:#d6d754\">\u00bf<strong>Solo o En Un Peque\u00f1o Grupo?: \u00a1La Aventura No Espera a Nadie!<\/strong><\/h4>\n\n\n\n<p style=\"font-size:20px\">Si sois <strong>pocos<\/strong>, \u00a1eso tampoco es un problema! Te uniremos a otros grupos peque\u00f1os para formar un equipo imparable y competir contra rivales igual de motivados. <\/p>\n\n\n\n<p style=\"font-size:20px\">Las partidas est\u00e1n pensadas para adaptarse al tama\u00f1o de los equipos, asegurando que la emoci\u00f3n nunca decaiga, sin importar cu\u00e1ntos se\u00e1is.<\/p>\n\n\n\n<p style=\"font-size:20px\">En nuestro centro, no necesitas ser un gran grupo para vivir una experiencia \u00e9pica. \u00a1La acci\u00f3n est\u00e1 garantizada y solo falta que t\u00fa tomes la iniciativa!<\/p>\n<\/div>\n<\/div>\n\n\n\n<div style=\"height:25px\" aria-hidden=\"true\" class=\"wp-block-spacer\"><\/div>\n\n\n\n<div class=\"wp-block-cover alignfull has-parallax\" style=\"min-height:150px;aspect-ratio:unset;\"><span aria-hidden=\"true\" class=\"wp-block-cover__background has-background-dim-40 has-background-dim\" style=\"background-color:#000000\"><\/span><div class=\"wp-block-cover__image-background wp-image-783 has-parallax\" style=\"background-position:50% 50%;background-image:url(http:\/\/campoelcortijo.com\/wp-content\/uploads\/2024\/09\/Downloader.la-647f401de178b.jpg)\"><\/div><div class=\"wp-block-cover__inner-container is-layout-flow wp-block-cover-is-layout-flow\"><div class=\"wp-block-image\">\n<figure class=\"aligncenter size-medium is-resized\"><img decoding=\"async\" width=\"300\" height=\"81\" src=\"https:\/\/campoelcortijo.com\/wp-content\/uploads\/2024\/02\/Logo-2023-sombra-300x81.png\" alt=\"\" class=\"wp-image-138\" style=\"width:404px\" srcset=\"https:\/\/campoelcortijo.com\/wp-content\/uploads\/2024\/02\/Logo-2023-sombra-300x81.png 300w, https:\/\/campoelcortijo.com\/wp-content\/uploads\/2024\/02\/Logo-2023-sombra-600x162.png 600w, https:\/\/campoelcortijo.com\/wp-content\/uploads\/2024\/02\/Logo-2023-sombra-1024x277.png 1024w, https:\/\/campoelcortijo.com\/wp-content\/uploads\/2024\/02\/Logo-2023-sombra-768x207.png 768w, https:\/\/campoelcortijo.com\/wp-content\/uploads\/2024\/02\/Logo-2023-sombra-1536x415.png 1536w, https:\/\/campoelcortijo.com\/wp-content\/uploads\/2024\/02\/Logo-2023-sombra-2048x553.png 2048w, https:\/\/campoelcortijo.com\/wp-content\/uploads\/2024\/02\/Logo-2023-sombra-800x216.png 800w, https:\/\/campoelcortijo.com\/wp-content\/uploads\/2024\/02\/Logo-2023-sombra-550x149.png 550w\" sizes=\"(max-width: 300px) 100vw, 300px\" \/><\/figure>\n<\/div><\/div><\/div>\n","protected":false},"excerpt":{"rendered":"<p>\u00bfSolo o En Un Peque\u00f1o Grupo?: \u00a1La Aventura No Espera a Nadie! Si sois pocos, \u00a1eso tampoco es un problema! Te uniremos a otros grupos peque\u00f1os para formar un equipo imparable y competir contra rivales igual de motivados. Las partidas est\u00e1n pensadas para adaptarse al tama\u00f1o de los equipos, asegurando que la emoci\u00f3n nunca decaiga, sin importar cu\u00e1ntos se\u00e1is. En nuestro centro, no necesitas ser un gran grupo para vivir una experiencia \u00e9pica. \u00a1La acci\u00f3n est\u00e1 garantizada y solo falta que t\u00fa tomes la iniciativa!<\/p>\n","protected":false},"author":1,"featured_media":141,"parent":0,"menu_order":0,"comment_status":"closed","ping_status":"closed","template":"","meta":{"om_disable_all_campaigns":false,"_uf_show_specific_survey":0,"_uf_disable_surveys":false,"footnotes":""},"class_list":["post-51","page","type-page","status-publish","has-post-thumbnail","hentry"],"aioseo_notices":[],"_links":{"self":[{"href":"https:\/\/campoelcortijo.com\/index.php\/wp-json\/wp\/v2\/pages\/51","targetHints":{"allow":["GET"]}}],"collection":[{"href":"https:\/\/campoelcortijo.com\/index.php\/wp-json\/wp\/v2\/pages"}],"about":[{"href":"https:\/\/campoelcortijo.com\/index.php\/wp-json\/wp\/v2\/types\/page"}],"author":[{"embeddable":true,"href":"https:\/\/campoelcortijo.com\/index.php\/wp-json\/wp\/v2\/users\/1"}],"replies":[{"embeddable":true,"href":"https:\/\/campoelcortijo.com\/index.php\/wp-json\/wp\/v2\/comments?post=51"}],"version-history":[{"count":19,"href":"https:\/\/campoelcortijo.com\/index.php\/wp-json\/wp\/v2\/pages\/51\/revisions"}],"predecessor-version":[{"id":1624,"href":"https:\/\/campoelcortijo.com\/index.php\/wp-json\/wp\/v2\/pages\/51\/revisions\/1624"}],"wp:featuredmedia":[{"embeddable":true,"href":"https:\/\/campoelcortijo.com\/index.php\/wp-json\/wp\/v2\/media\/141"}],"wp:attachment":[{"href":"https:\/\/campoelcortijo.com\/index.php\/wp-json\/wp\/v2\/media?parent=51"}],"curies":[{"name":"wp","href":"https:\/\/api.w.org\/{rel}","templated":true}]}}