{"id":53,"date":"2024-01-30T12:21:21","date_gmt":"2024-01-30T11:21:21","guid":{"rendered":"https:\/\/campoelcortijo.com\/?page_id=53"},"modified":"2024-10-22T14:09:24","modified_gmt":"2024-10-22T12:09:24","slug":"despedidas-de-soltero-a","status":"publish","type":"page","link":"https:\/\/campoelcortijo.com\/index.php\/despedidas-de-soltero-a\/","title":{"rendered":"Despedidas de soltero\/a"},"content":{"rendered":"\n<div style=\"height:20px\" aria-hidden=\"true\" class=\"wp-block-spacer\"><\/div>\n\n\n\n<div class=\"wp-block-cover alignfull has-parallax\" style=\"min-height:600px;aspect-ratio:unset;\"><span aria-hidden=\"true\" class=\"wp-block-cover__background has-background-dim-40 has-background-dim\" style=\"background-color:#000000\"><\/span><div class=\"wp-block-cover__image-background wp-image-371 has-parallax\" style=\"background-position:50% 50%;background-image:url(http:\/\/campoelcortijo.com\/wp-content\/uploads\/2024\/09\/353813897_746235107305650_6904478566922618185_n.jpg)\"><\/div><div class=\"wp-block-cover__inner-container is-layout-flow wp-block-cover-is-layout-flow\">\n<h4 class=\"wp-block-heading alignwide has-white-color has-text-color\" style=\"font-size:48px;line-height:1.2\">Despedidas de Solter@<\/h4>\n\n\n\n<div class=\"wp-block-columns alignwide is-layout-flex wp-container-core-columns-is-layout-9d6595d7 wp-block-columns-is-layout-flex\">\n<div class=\"wp-block-column is-layout-flow wp-block-column-is-layout-flow\" style=\"flex-basis:60%\">\n<p class=\"has-text-color\" style=\"color:#ffffff;font-size:20px\">\u00bfBuscas una despedida de solter@ que salga de lo com\u00fan? \u00a1Tenemos la f\u00f3rmula perfecta para un d\u00eda inolvidable! <\/p>\n\n\n\n<p class=\"has-text-color\" style=\"color:#ffffff;font-size:20px\">Olv\u00eddate de las despedidas tradicionales y prep\u00e1rate para una jornada cargada de adrenalina y emoci\u00f3n en nuestro centro. Organiza una despedida \u00e9pica con tus amigos participando en nuestras actividades estrella: airsoft, paintball, laser tag o <strong>Arqueros de Leyenda<\/strong>. \u00a1La acci\u00f3n no faltar\u00e1 y las risas est\u00e1n garantizadas!<\/p>\n\n\n\n<p class=\"has-text-color\" style=\"color:#ffffff;font-size:20px\">Imagina formar equipos, competir contra tus amigos y pasar un d\u00eda lleno de retos y batallas \u00e9picas, donde el futuro novio podr\u00e1 demostrar sus habilidades en el campo de juego. Todo est\u00e1 dise\u00f1ado para ofrecerte una experiencia \u00fanica y emocionante que todos recordar\u00e1n durante mucho tiempo.<\/p>\n\n\n\n<div class=\"wp-block-buttons is-layout-flex wp-block-buttons-is-layout-flex\">\n<div class=\"wp-block-button is-style-outline is-style-outline--1\"><a class=\"wp-block-button__link has-text-color has-background wp-element-button\" href=\"https:\/\/campoelcortijo.com\/index.php\/contacto\/\" style=\"color:#ffffff;background-color:#000000\">Contacto<\/a><\/div>\n<\/div>\n<\/div>\n\n\n\n<div class=\"wp-block-column is-layout-flow wp-block-column-is-layout-flow\"><\/div>\n<\/div>\n<\/div><\/div>\n\n\n\n<hr class=\"wp-block-separator has-alpha-channel-opacity\"\/>\n\n\n\n<div style=\"height:25px\" aria-hidden=\"true\" class=\"wp-block-spacer\"><\/div>\n\n\n\n<div class=\"wp-block-columns is-layout-flex wp-container-core-columns-is-layout-9d6595d7 wp-block-columns-is-layout-flex\">\n<div class=\"wp-block-column is-vertically-aligned-center is-layout-flow wp-block-column-is-layout-flow\" style=\"flex-basis:33.33%\"><div class=\"wp-block-image\">\n<figure class=\"aligncenter size-full\"><img fetchpriority=\"high\" decoding=\"async\" width=\"597\" height=\"595\" src=\"http:\/\/campoelcortijo.com\/wp-content\/uploads\/2024\/09\/ea09a40dd6d545a86295754104f3223e.png\" alt=\"\" class=\"wp-image-372\" srcset=\"https:\/\/campoelcortijo.com\/wp-content\/uploads\/2024\/09\/ea09a40dd6d545a86295754104f3223e.png 597w, https:\/\/campoelcortijo.com\/wp-content\/uploads\/2024\/09\/ea09a40dd6d545a86295754104f3223e-360x360.png 360w, https:\/\/campoelcortijo.com\/wp-content\/uploads\/2024\/09\/ea09a40dd6d545a86295754104f3223e-100x100.png 100w, https:\/\/campoelcortijo.com\/wp-content\/uploads\/2024\/09\/ea09a40dd6d545a86295754104f3223e-300x300.png 300w, https:\/\/campoelcortijo.com\/wp-content\/uploads\/2024\/09\/ea09a40dd6d545a86295754104f3223e-150x150.png 150w, https:\/\/campoelcortijo.com\/wp-content\/uploads\/2024\/09\/ea09a40dd6d545a86295754104f3223e-24x24.png 24w, https:\/\/campoelcortijo.com\/wp-content\/uploads\/2024\/09\/ea09a40dd6d545a86295754104f3223e-48x48.png 48w, https:\/\/campoelcortijo.com\/wp-content\/uploads\/2024\/09\/ea09a40dd6d545a86295754104f3223e-96x96.png 96w, https:\/\/campoelcortijo.com\/wp-content\/uploads\/2024\/09\/ea09a40dd6d545a86295754104f3223e-250x250.png 250w, https:\/\/campoelcortijo.com\/wp-content\/uploads\/2024\/09\/ea09a40dd6d545a86295754104f3223e-140x140.png 140w, https:\/\/campoelcortijo.com\/wp-content\/uploads\/2024\/09\/ea09a40dd6d545a86295754104f3223e-110x110.png 110w, https:\/\/campoelcortijo.com\/wp-content\/uploads\/2024\/09\/ea09a40dd6d545a86295754104f3223e-275x275.png 275w, https:\/\/campoelcortijo.com\/wp-content\/uploads\/2024\/09\/ea09a40dd6d545a86295754104f3223e-550x548.png 550w\" sizes=\"(max-width: 597px) 100vw, 597px\" \/><\/figure>\n<\/div><\/div>\n\n\n\n<div class=\"wp-block-column is-layout-flow wp-block-column-is-layout-flow\" style=\"flex-basis:66.66%\">\n<h4 class=\"wp-block-heading has-text-color has-link-color wp-elements-42dd3e7d2f1436c97594fbb99148d651\" style=\"color:#d6d754\">Despedidas de Solter@:<br>\u00bfSe te hab\u00eda ocurrido?<\/h4>\n\n\n\n<p style=\"font-size:20px\">Despu\u00e9s de tanta acci\u00f3n, la diversi\u00f3n contin\u00faa en nuestra <strong>zona de barbacoa<\/strong>. Celebra la victoria (o la derrota) con una buena comida al aire libre, donde podr\u00e1s relajarte, compartir an\u00e9cdotas del d\u00eda y seguir la fiesta en un ambiente m\u00e1s relajado. <\/p>\n\n\n\n<p style=\"font-size:20px\">Puedes traer tus propios alimentos o preparar una barbacoa a medida, disfrutando de un espacio reservado para ti y tu grupo.<\/p>\n\n\n\n<p style=\"font-size:20px\">Si buscas una experiencia completa y diferente, nuestras <strong>partidas privadas<\/strong> te permiten disfrutar de todo el centro solo para tu grupo, con la posibilidad de personalizar las actividades seg\u00fan lo que m\u00e1s te guste. <\/p>\n\n\n\n<p style=\"font-size:20px\">Haz que esta despedida de soltero sea tan \u00e9pica como \u00fanica, combinando adrenalina, risas y buena compa\u00f1\u00eda. \u00a1Ser\u00e1 una despedida de solter@ que nadie querr\u00e1 perderse!<\/p>\n<\/div>\n<\/div>\n\n\n\n<div style=\"height:25px\" aria-hidden=\"true\" class=\"wp-block-spacer\"><\/div>\n\n\n\n<div class=\"wp-block-cover alignfull has-parallax\" style=\"min-height:150px;aspect-ratio:unset;\"><span aria-hidden=\"true\" class=\"wp-block-cover__background has-background-dim-40 has-background-dim\" style=\"background-color:#000000\"><\/span><div class=\"wp-block-cover__image-background wp-image-352 has-parallax\" style=\"background-position:50% 50%;background-image:url(http:\/\/campoelcortijo.com\/wp-content\/uploads\/2024\/09\/IMG_9293.jpg)\"><\/div><div class=\"wp-block-cover__inner-container is-layout-flow wp-block-cover-is-layout-flow\"><div class=\"wp-block-image\">\n<figure class=\"aligncenter size-medium is-resized\"><img decoding=\"async\" width=\"300\" height=\"81\" src=\"https:\/\/campoelcortijo.com\/wp-content\/uploads\/2024\/02\/Logo-2023-sombra-300x81.png\" alt=\"\" class=\"wp-image-138\" style=\"width:404px\" srcset=\"https:\/\/campoelcortijo.com\/wp-content\/uploads\/2024\/02\/Logo-2023-sombra-300x81.png 300w, https:\/\/campoelcortijo.com\/wp-content\/uploads\/2024\/02\/Logo-2023-sombra-600x162.png 600w, https:\/\/campoelcortijo.com\/wp-content\/uploads\/2024\/02\/Logo-2023-sombra-1024x277.png 1024w, https:\/\/campoelcortijo.com\/wp-content\/uploads\/2024\/02\/Logo-2023-sombra-768x207.png 768w, https:\/\/campoelcortijo.com\/wp-content\/uploads\/2024\/02\/Logo-2023-sombra-1536x415.png 1536w, https:\/\/campoelcortijo.com\/wp-content\/uploads\/2024\/02\/Logo-2023-sombra-2048x553.png 2048w, https:\/\/campoelcortijo.com\/wp-content\/uploads\/2024\/02\/Logo-2023-sombra-800x216.png 800w, https:\/\/campoelcortijo.com\/wp-content\/uploads\/2024\/02\/Logo-2023-sombra-550x149.png 550w\" sizes=\"(max-width: 300px) 100vw, 300px\" \/><\/figure>\n<\/div><\/div><\/div>\n","protected":false},"excerpt":{"rendered":"<p>Despedidas de Solter@:\u00bfSe te hab\u00eda ocurrido? Despu\u00e9s de tanta acci\u00f3n, la diversi\u00f3n contin\u00faa en nuestra zona de barbacoa. Celebra la victoria (o la derrota) con una buena comida al aire libre, donde podr\u00e1s relajarte, compartir an\u00e9cdotas del d\u00eda y seguir la fiesta en un ambiente m\u00e1s relajado. Puedes traer tus propios alimentos o preparar una barbacoa a medida, disfrutando de un espacio reservado para ti y tu grupo. Si buscas una experiencia completa y diferente, nuestras partidas privadas te permiten disfrutar de todo el centro solo para tu grupo, con la posibilidad de personalizar las actividades seg\u00fan lo que m\u00e1s te guste. Haz que esta despedida de soltero sea tan \u00e9pica como \u00fanica, combinando adrenalina, risas y buena compa\u00f1\u00eda. \u00a1Ser\u00e1 una despedida de solter@ que nadie querr\u00e1 perderse!<\/p>\n","protected":false},"author":1,"featured_media":141,"parent":0,"menu_order":0,"comment_status":"closed","ping_status":"closed","template":"","meta":{"om_disable_all_campaigns":false,"_uf_show_specific_survey":0,"_uf_disable_surveys":false,"footnotes":""},"class_list":["post-53","page","type-page","status-publish","has-post-thumbnail","hentry"],"aioseo_notices":[],"_links":{"self":[{"href":"https:\/\/campoelcortijo.com\/index.php\/wp-json\/wp\/v2\/pages\/53","targetHints":{"allow":["GET"]}}],"collection":[{"href":"https:\/\/campoelcortijo.com\/index.php\/wp-json\/wp\/v2\/pages"}],"about":[{"href":"https:\/\/campoelcortijo.com\/index.php\/wp-json\/wp\/v2\/types\/page"}],"author":[{"embeddable":true,"href":"https:\/\/campoelcortijo.com\/index.php\/wp-json\/wp\/v2\/users\/1"}],"replies":[{"embeddable":true,"href":"https:\/\/campoelcortijo.com\/index.php\/wp-json\/wp\/v2\/comments?post=53"}],"version-history":[{"count":20,"href":"https:\/\/campoelcortijo.com\/index.php\/wp-json\/wp\/v2\/pages\/53\/revisions"}],"predecessor-version":[{"id":1699,"href":"https:\/\/campoelcortijo.com\/index.php\/wp-json\/wp\/v2\/pages\/53\/revisions\/1699"}],"wp:featuredmedia":[{"embeddable":true,"href":"https:\/\/campoelcortijo.com\/index.php\/wp-json\/wp\/v2\/media\/141"}],"wp:attachment":[{"href":"https:\/\/campoelcortijo.com\/index.php\/wp-json\/wp\/v2\/media?parent=53"}],"curies":[{"name":"wp","href":"https:\/\/api.w.org\/{rel}","templated":true}]}}