{"id":54,"date":"2024-01-30T12:21:21","date_gmt":"2024-01-30T11:21:21","guid":{"rendered":"https:\/\/campoelcortijo.com\/?page_id=54"},"modified":"2025-08-12T13:49:48","modified_gmt":"2025-08-12T11:49:48","slug":"eventos-de-empresa","status":"publish","type":"page","link":"https:\/\/campoelcortijo.com\/index.php\/eventos-de-empresa\/","title":{"rendered":"Eventos de empresa"},"content":{"rendered":"\n<div style=\"height:20px\" aria-hidden=\"true\" class=\"wp-block-spacer\"><\/div>\n\n\n\n<div class=\"wp-block-cover alignfull has-parallax\" style=\"min-height:600px;aspect-ratio:unset;\"><span aria-hidden=\"true\" class=\"wp-block-cover__background has-background-dim-40 has-background-dim\" style=\"background-color:#000000\"><\/span><div class=\"wp-block-cover__image-background wp-image-401 has-parallax\" style=\"background-position:50% 50%;background-image:url(http:\/\/campoelcortijo.com\/wp-content\/uploads\/2024\/09\/AWH0325.jpg)\"><\/div><div class=\"wp-block-cover__inner-container is-layout-flow wp-block-cover-is-layout-flow\">\n<h4 class=\"wp-block-heading alignwide has-white-color has-text-color\" style=\"font-size:48px;line-height:1.2\">Eventos de empresa<\/h4>\n\n\n\n<div class=\"wp-block-columns alignwide is-layout-flex wp-container-core-columns-is-layout-9d6595d7 wp-block-columns-is-layout-flex\">\n<div class=\"wp-block-column is-layout-flow wp-block-column-is-layout-flow\" style=\"flex-basis:60%\">\n<p class=\"has-text-color\" style=\"color:#ffffff;font-size:20px\">\u00bfBuscas una manera \u00fanica y emocionante de fortalecer los lazos entre tu equipo de trabajo? Nuestro centro es el lugar perfecto para llevar a cabo <strong>eventos de empresa<\/strong> que combinan diversi\u00f3n, trabajo en equipo y adrenalina. Olv\u00eddate de las t\u00edpicas jornadas de oficina y trae a tu equipo a vivir una experiencia inolvidable con nuestras actividades al aire libre. Desde emocionantes partidas de airsoft, paintball, laser tag hasta desaf\u00edos de arqueros, tenemos el plan perfecto para hacer de tu evento algo memorable.<\/p>\n\n\n\n<p class=\"has-text-color\" style=\"color:#ffffff;font-size:20px\">Las actividades en nuestro centro est\u00e1n dise\u00f1adas no solo para entretener, sino tambi\u00e9n para fomentar la colaboraci\u00f3n, la comunicaci\u00f3n y el liderazgo. Al participar en los distintos juegos, los empleados se ver\u00e1n inmersos en situaciones donde el trabajo en equipo ser\u00e1 clave para la victoria. Adem\u00e1s, nuestros escenarios variados y desafiantes, como el CQB urbano o la llanura abierta, a\u00f1aden un toque estrat\u00e9gico que har\u00e1 que cada grupo de trabajo tenga que adaptarse y colaborar como nunca antes.<\/p>\n\n\n\n<div class=\"wp-block-buttons is-layout-flex wp-block-buttons-is-layout-flex\">\n<div class=\"wp-block-button is-style-outline is-style-outline--1\"><a class=\"wp-block-button__link has-text-color has-background wp-element-button\" href=\"https:\/\/campoelcortijo.com\/index.php\/contacto\/\" style=\"color:#ffffff;background-color:#000000\">Contacto<\/a><\/div>\n<\/div>\n<\/div>\n\n\n\n<div class=\"wp-block-column is-layout-flow wp-block-column-is-layout-flow\"><\/div>\n<\/div>\n<\/div><\/div>\n\n\n\n<hr class=\"wp-block-separator has-alpha-channel-opacity\"\/>\n\n\n\n<div class=\"wp-block-columns is-layout-flex wp-container-core-columns-is-layout-9d6595d7 wp-block-columns-is-layout-flex\">\n<div class=\"wp-block-column is-vertically-aligned-center is-layout-flow wp-block-column-is-layout-flow\" style=\"flex-basis:33.33%\"><div class=\"wp-block-image\">\n<figure class=\"aligncenter size-full\"><img fetchpriority=\"high\" decoding=\"async\" width=\"800\" height=\"533\" src=\"http:\/\/campoelcortijo.com\/wp-content\/uploads\/2024\/09\/cobi_media_cct61_cache_4a_de_4ade97ebad391f4703a12557ae4d4512-3.jpg\" alt=\"\" class=\"wp-image-439\" srcset=\"https:\/\/campoelcortijo.com\/wp-content\/uploads\/2024\/09\/cobi_media_cct61_cache_4a_de_4ade97ebad391f4703a12557ae4d4512-3.jpg 800w, https:\/\/campoelcortijo.com\/wp-content\/uploads\/2024\/09\/cobi_media_cct61_cache_4a_de_4ade97ebad391f4703a12557ae4d4512-3-600x400.jpg 600w, https:\/\/campoelcortijo.com\/wp-content\/uploads\/2024\/09\/cobi_media_cct61_cache_4a_de_4ade97ebad391f4703a12557ae4d4512-3-300x200.jpg 300w, https:\/\/campoelcortijo.com\/wp-content\/uploads\/2024\/09\/cobi_media_cct61_cache_4a_de_4ade97ebad391f4703a12557ae4d4512-3-768x512.jpg 768w, https:\/\/campoelcortijo.com\/wp-content\/uploads\/2024\/09\/cobi_media_cct61_cache_4a_de_4ade97ebad391f4703a12557ae4d4512-3-128x84.jpg 128w, https:\/\/campoelcortijo.com\/wp-content\/uploads\/2024\/09\/cobi_media_cct61_cache_4a_de_4ade97ebad391f4703a12557ae4d4512-3-495x330.jpg 495w, https:\/\/campoelcortijo.com\/wp-content\/uploads\/2024\/09\/cobi_media_cct61_cache_4a_de_4ade97ebad391f4703a12557ae4d4512-3-550x366.jpg 550w\" sizes=\"(max-width: 800px) 100vw, 800px\" \/><\/figure>\n<\/div>\n\n<div class=\"wp-block-image\">\n<figure class=\"aligncenter size-full\"><img decoding=\"async\" width=\"800\" height=\"533\" src=\"http:\/\/campoelcortijo.com\/wp-content\/uploads\/2024\/09\/cobi_media_cct61_cache_9f_59_9f596d4909885fbce83b09a15aa61a6a-1.jpg\" alt=\"\" class=\"wp-image-365\" srcset=\"https:\/\/campoelcortijo.com\/wp-content\/uploads\/2024\/09\/cobi_media_cct61_cache_9f_59_9f596d4909885fbce83b09a15aa61a6a-1.jpg 800w, https:\/\/campoelcortijo.com\/wp-content\/uploads\/2024\/09\/cobi_media_cct61_cache_9f_59_9f596d4909885fbce83b09a15aa61a6a-1-600x400.jpg 600w, https:\/\/campoelcortijo.com\/wp-content\/uploads\/2024\/09\/cobi_media_cct61_cache_9f_59_9f596d4909885fbce83b09a15aa61a6a-1-300x200.jpg 300w, https:\/\/campoelcortijo.com\/wp-content\/uploads\/2024\/09\/cobi_media_cct61_cache_9f_59_9f596d4909885fbce83b09a15aa61a6a-1-768x512.jpg 768w, https:\/\/campoelcortijo.com\/wp-content\/uploads\/2024\/09\/cobi_media_cct61_cache_9f_59_9f596d4909885fbce83b09a15aa61a6a-1-128x84.jpg 128w, https:\/\/campoelcortijo.com\/wp-content\/uploads\/2024\/09\/cobi_media_cct61_cache_9f_59_9f596d4909885fbce83b09a15aa61a6a-1-495x330.jpg 495w, https:\/\/campoelcortijo.com\/wp-content\/uploads\/2024\/09\/cobi_media_cct61_cache_9f_59_9f596d4909885fbce83b09a15aa61a6a-1-550x366.jpg 550w\" sizes=\"(max-width: 800px) 100vw, 800px\" \/><\/figure>\n<\/div><\/div>\n\n\n\n<div class=\"wp-block-column is-vertically-aligned-center is-layout-flow wp-block-column-is-layout-flow\" style=\"flex-basis:66.66%\">\n<h4 class=\"wp-block-heading has-text-color has-link-color wp-elements-2b50ef9c343f6635b4e67d721520a2de\" style=\"color:#d6d754\"><strong>Eventos de empresa<\/strong><br><strong>\u00a1Una Experiencia de Equipo <\/strong><br><strong>que No Olvidar\u00e1n!<\/strong><\/h4>\n\n\n\n<p style=\"font-size:20px\">Despu\u00e9s de toda la emoci\u00f3n, ofrecemos un espacio c\u00f3modo en nuestra <strong>zona de barbacoa<\/strong> para que puedan relajarse, compartir an\u00e9cdotas del d\u00eda y disfrutar de una buena comida al aire libre. <\/p>\n\n\n\n<p style=\"font-size:20px\">Es el momento ideal para que tu equipo desconecte y refuerce los lazos de manera natural y divertida, en un ambiente diferente y distendido.<\/p>\n\n\n\n<p style=\"font-size:20px\">Si est\u00e1s buscando un evento de empresa que realmente marque la diferencia, te ofrecemos la posibilidad de personalizar tu experiencia.<\/p>\n\n\n\n<p style=\"font-size:20px\">Puedes reservar partidas privadas solo para tu equipo, ajustar la duraci\u00f3n y el tipo de actividades, y hacer que la jornada sea completamente a medida seg\u00fan las necesidades de tu empresa.<\/p>\n\n\n\n<p style=\"font-size:20px\">Ya sea una jornada de team building, una reuni\u00f3n para celebrar un logro o simplemente una manera de salir de la rutina, nuestros <strong>eventos de empresa<\/strong> ofrecen una combinaci\u00f3n perfecta de diversi\u00f3n, estrategia y compa\u00f1erismo. \u00a1Ven a vivirlo con nosotros y dale a tu equipo una experiencia que nunca olvidar\u00e1n!<\/p>\n<\/div>\n<\/div>\n\n\n\n<div style=\"height:25px\" aria-hidden=\"true\" class=\"wp-block-spacer\"><\/div>\n\n\n\n<div class=\"wp-block-cover alignfull has-parallax\" style=\"min-height:150px;aspect-ratio:unset;\"><span aria-hidden=\"true\" class=\"wp-block-cover__background has-background-dim-40 has-background-dim\" style=\"background-color:#000000\"><\/span><div class=\"wp-block-cover__image-background wp-image-440 has-parallax\" style=\"background-position:50% 50%;background-image:url(http:\/\/campoelcortijo.com\/wp-content\/uploads\/2024\/09\/cobi_media_cct61_cache_87_b2_87b27ba1d42ee0a46ec16d56e9e4d10c-1.jpg)\"><\/div><div class=\"wp-block-cover__inner-container is-layout-flow wp-block-cover-is-layout-flow\"><div class=\"wp-block-image\">\n<figure class=\"aligncenter size-medium is-resized\"><img decoding=\"async\" width=\"300\" height=\"81\" src=\"https:\/\/campoelcortijo.com\/wp-content\/uploads\/2024\/02\/Logo-2023-sombra-300x81.png\" alt=\"\" class=\"wp-image-138\" style=\"width:404px\" srcset=\"https:\/\/campoelcortijo.com\/wp-content\/uploads\/2024\/02\/Logo-2023-sombra-300x81.png 300w, https:\/\/campoelcortijo.com\/wp-content\/uploads\/2024\/02\/Logo-2023-sombra-600x162.png 600w, https:\/\/campoelcortijo.com\/wp-content\/uploads\/2024\/02\/Logo-2023-sombra-1024x277.png 1024w, https:\/\/campoelcortijo.com\/wp-content\/uploads\/2024\/02\/Logo-2023-sombra-768x207.png 768w, https:\/\/campoelcortijo.com\/wp-content\/uploads\/2024\/02\/Logo-2023-sombra-1536x415.png 1536w, https:\/\/campoelcortijo.com\/wp-content\/uploads\/2024\/02\/Logo-2023-sombra-2048x553.png 2048w, https:\/\/campoelcortijo.com\/wp-content\/uploads\/2024\/02\/Logo-2023-sombra-800x216.png 800w, https:\/\/campoelcortijo.com\/wp-content\/uploads\/2024\/02\/Logo-2023-sombra-550x149.png 550w\" sizes=\"(max-width: 300px) 100vw, 300px\" \/><\/figure>\n<\/div><\/div><\/div>\n","protected":false},"excerpt":{"rendered":"<p>Eventos de empresa\u00a1Una Experiencia de Equipo que No Olvidar\u00e1n! Despu\u00e9s de toda la emoci\u00f3n, ofrecemos un espacio c\u00f3modo en nuestra zona de barbacoa para que puedan relajarse, compartir an\u00e9cdotas del d\u00eda y disfrutar de una buena comida al aire libre. Es el momento ideal para que tu equipo desconecte y refuerce los lazos de manera natural y divertida, en un ambiente diferente y distendido. Si est\u00e1s buscando un evento de empresa que realmente marque la diferencia, te ofrecemos la posibilidad de personalizar tu experiencia. Puedes reservar partidas privadas solo para tu equipo, ajustar la duraci\u00f3n y el tipo de actividades, y hacer que la jornada sea completamente a medida seg\u00fan las necesidades de tu empresa. Ya sea una jornada de team building, una reuni\u00f3n para celebrar un logro o simplemente una manera de salir de la rutina, nuestros eventos de empresa ofrecen una combinaci\u00f3n perfecta de diversi\u00f3n, estrategia y compa\u00f1erismo. [&hellip;]<\/p>\n","protected":false},"author":1,"featured_media":141,"parent":0,"menu_order":0,"comment_status":"closed","ping_status":"closed","template":"","meta":{"om_disable_all_campaigns":false,"_uf_show_specific_survey":0,"_uf_disable_surveys":false,"footnotes":""},"class_list":["post-54","page","type-page","status-publish","has-post-thumbnail","hentry"],"aioseo_notices":[],"_links":{"self":[{"href":"https:\/\/campoelcortijo.com\/index.php\/wp-json\/wp\/v2\/pages\/54","targetHints":{"allow":["GET"]}}],"collection":[{"href":"https:\/\/campoelcortijo.com\/index.php\/wp-json\/wp\/v2\/pages"}],"about":[{"href":"https:\/\/campoelcortijo.com\/index.php\/wp-json\/wp\/v2\/types\/page"}],"author":[{"embeddable":true,"href":"https:\/\/campoelcortijo.com\/index.php\/wp-json\/wp\/v2\/users\/1"}],"replies":[{"embeddable":true,"href":"https:\/\/campoelcortijo.com\/index.php\/wp-json\/wp\/v2\/comments?post=54"}],"version-history":[{"count":18,"href":"https:\/\/campoelcortijo.com\/index.php\/wp-json\/wp\/v2\/pages\/54\/revisions"}],"predecessor-version":[{"id":1700,"href":"https:\/\/campoelcortijo.com\/index.php\/wp-json\/wp\/v2\/pages\/54\/revisions\/1700"}],"wp:featuredmedia":[{"embeddable":true,"href":"https:\/\/campoelcortijo.com\/index.php\/wp-json\/wp\/v2\/media\/141"}],"wp:attachment":[{"href":"https:\/\/campoelcortijo.com\/index.php\/wp-json\/wp\/v2\/media?parent=54"}],"curies":[{"name":"wp","href":"https:\/\/api.w.org\/{rel}","templated":true}]}}