{"id":58,"date":"2024-01-30T12:21:21","date_gmt":"2024-01-30T11:21:21","guid":{"rendered":"https:\/\/campoelcortijo.com\/?page_id=58"},"modified":"2024-10-31T21:40:20","modified_gmt":"2024-10-31T20:40:20","slug":"cantina-de-el-cortijo","status":"publish","type":"page","link":"https:\/\/campoelcortijo.com\/index.php\/cantina-de-el-cortijo\/","title":{"rendered":"Cantina de El Cortijo"},"content":{"rendered":"\n<div style=\"height:20px\" aria-hidden=\"true\" class=\"wp-block-spacer\"><\/div>\n\n\n\n<div class=\"wp-block-cover alignfull has-parallax\" style=\"min-height:600px;aspect-ratio:unset;\"><span aria-hidden=\"true\" class=\"wp-block-cover__background has-background-dim-40 has-background-dim\" style=\"background-color:#000000\"><\/span><div class=\"wp-block-cover__image-background wp-image-412 has-parallax\" style=\"background-position:50% 50%;background-image:url(http:\/\/campoelcortijo.com\/wp-content\/uploads\/2024\/09\/JRJ02486.jpg)\"><\/div><div class=\"wp-block-cover__inner-container is-layout-flow wp-block-cover-is-layout-flow\">\n<h4 class=\"wp-block-heading alignwide has-white-color has-text-color\" style=\"font-size:48px;line-height:1.2\">Cantina de El Cortijo<br><\/h4>\n\n\n\n<div class=\"wp-block-columns alignwide is-layout-flex wp-container-core-columns-is-layout-9d6595d7 wp-block-columns-is-layout-flex\">\n<div class=\"wp-block-column is-layout-flow wp-block-column-is-layout-flow\" style=\"flex-basis:60%\">\n<p class=\"has-text-color\" style=\"color:#ffffff;font-size:20px\">Bienvenido a nuestra cantina, un espacio ideal para reponer fuerzas despu\u00e9s de una intensa partida. Aqu\u00ed podr\u00e1s disfrutar de una selecci\u00f3n de bebidas refrescantes y men\u00fas pensados para recargar energ\u00edas y volver a la acci\u00f3n. La cantina es el punto de encuentro perfecto para comentar la jugada con tus amigos y preparar la pr\u00f3xima estrategia.<\/p>\n\n\n\n<p class=\"has-text-color\" style=\"color:#ffffff;font-size:20px\">Adem\u00e1s de las bebidas y men\u00fas b\u00e1sicos, ofrecemos opciones para todos los gustos, desde refrescos y snacks r\u00e1pidos hasta comidas completas. Aqu\u00ed, cada detalle est\u00e1 pensado para que la experiencia sea completa, no solo en el campo de juego, sino tambi\u00e9n en tu descanso.<\/p>\n\n\n\n<div class=\"wp-block-buttons is-layout-flex wp-block-buttons-is-layout-flex\">\n<div class=\"wp-block-button is-style-outline is-style-outline--1\"><a class=\"wp-block-button__link has-text-color has-background wp-element-button\" href=\"https:\/\/campoelcortijo.com\/index.php\/contacto\/\" style=\"color:#ffffff;background-color:#000000\">Contacto<\/a><\/div>\n<\/div>\n<\/div>\n\n\n\n<div class=\"wp-block-column is-layout-flow wp-block-column-is-layout-flow\"><\/div>\n<\/div>\n<\/div><\/div>\n\n\n\n<div style=\"height:20px\" aria-hidden=\"true\" class=\"wp-block-spacer\"><\/div>\n\n\n\n<div class=\"wp-block-columns is-layout-flex wp-container-core-columns-is-layout-9d6595d7 wp-block-columns-is-layout-flex\">\n<div class=\"wp-block-column is-layout-flow wp-block-column-is-layout-flow\">\n<h4 class=\"wp-block-heading has-text-color has-link-color wp-elements-9f07e489fd018e00e6c9a3a5e9569aa0\" style=\"color:#d6d754\"><strong>Ambiente acogedor<\/strong><\/h4>\n\n\n\n<p style=\"font-size:20px\">En nuestra cantina encontrar\u00e1s un ambiente acogedor donde relajarte y disfrutar del momento. Con un dise\u00f1o r\u00fastico y un espacio c\u00f3modo, es el lugar perfecto para hacer una pausa, charlar y planear la pr\u00f3xima partida.<\/p>\n\n\n\n<figure class=\"wp-block-image size-large\"><img fetchpriority=\"high\" decoding=\"async\" width=\"1024\" height=\"683\" src=\"http:\/\/campoelcortijo.com\/wp-content\/uploads\/2024\/10\/12092022-SAM_0868-1024x683.jpg\" alt=\"\" class=\"wp-image-1857\" srcset=\"https:\/\/campoelcortijo.com\/wp-content\/uploads\/2024\/10\/12092022-SAM_0868-1024x683.jpg 1024w, https:\/\/campoelcortijo.com\/wp-content\/uploads\/2024\/10\/12092022-SAM_0868-300x200.jpg 300w, https:\/\/campoelcortijo.com\/wp-content\/uploads\/2024\/10\/12092022-SAM_0868-768x512.jpg 768w, https:\/\/campoelcortijo.com\/wp-content\/uploads\/2024\/10\/12092022-SAM_0868-1536x1024.jpg 1536w, https:\/\/campoelcortijo.com\/wp-content\/uploads\/2024\/10\/12092022-SAM_0868-2048x1365.jpg 2048w, https:\/\/campoelcortijo.com\/wp-content\/uploads\/2024\/10\/12092022-SAM_0868-600x400.jpg 600w, https:\/\/campoelcortijo.com\/wp-content\/uploads\/2024\/10\/12092022-SAM_0868-128x84.jpg 128w, https:\/\/campoelcortijo.com\/wp-content\/uploads\/2024\/10\/12092022-SAM_0868-495x330.jpg 495w, https:\/\/campoelcortijo.com\/wp-content\/uploads\/2024\/10\/12092022-SAM_0868-800x533.jpg 800w, https:\/\/campoelcortijo.com\/wp-content\/uploads\/2024\/10\/12092022-SAM_0868-550x367.jpg 550w\" sizes=\"(max-width: 1024px) 100vw, 1024px\" \/><\/figure>\n<\/div>\n\n\n\n<div class=\"wp-block-column is-layout-flow wp-block-column-is-layout-flow\">\n<figure class=\"wp-block-image size-large\"><img decoding=\"async\" width=\"1024\" height=\"683\" src=\"http:\/\/campoelcortijo.com\/wp-content\/uploads\/2024\/10\/SAM_0907-1024x683.jpg\" alt=\"\" class=\"wp-image-1859\" srcset=\"https:\/\/campoelcortijo.com\/wp-content\/uploads\/2024\/10\/SAM_0907-1024x683.jpg 1024w, https:\/\/campoelcortijo.com\/wp-content\/uploads\/2024\/10\/SAM_0907-300x200.jpg 300w, https:\/\/campoelcortijo.com\/wp-content\/uploads\/2024\/10\/SAM_0907-768x512.jpg 768w, https:\/\/campoelcortijo.com\/wp-content\/uploads\/2024\/10\/SAM_0907-1536x1024.jpg 1536w, https:\/\/campoelcortijo.com\/wp-content\/uploads\/2024\/10\/SAM_0907-2048x1365.jpg 2048w, https:\/\/campoelcortijo.com\/wp-content\/uploads\/2024\/10\/SAM_0907-600x400.jpg 600w, https:\/\/campoelcortijo.com\/wp-content\/uploads\/2024\/10\/SAM_0907-128x84.jpg 128w, https:\/\/campoelcortijo.com\/wp-content\/uploads\/2024\/10\/SAM_0907-495x330.jpg 495w, https:\/\/campoelcortijo.com\/wp-content\/uploads\/2024\/10\/SAM_0907-800x533.jpg 800w, https:\/\/campoelcortijo.com\/wp-content\/uploads\/2024\/10\/SAM_0907-550x367.jpg 550w\" sizes=\"(max-width: 1024px) 100vw, 1024px\" \/><\/figure>\n\n\n\n<h4 class=\"wp-block-heading has-text-color has-link-color wp-elements-101cbcef5151be8085e73a08cf4511ba\" style=\"color:#d6d754\"><strong>Variedad de bebidas<\/strong><\/h4>\n\n\n\n<p style=\"font-size:20px\">Mantente hidratado con nuestra selecci\u00f3n de bebidas, desde refrescos y aguas hasta opciones energ\u00e9ticas. Ideal para combatir la sed tras un juego intenso y estar listo para la siguiente ronda.<\/p>\n<\/div>\n<\/div>\n\n\n\n<div class=\"wp-block-cover alignfull has-parallax\" style=\"min-height:200px;aspect-ratio:unset;\"><span aria-hidden=\"true\" class=\"wp-block-cover__background has-background-dim-40 has-background-dim\" style=\"background-color:#000000\"><\/span><div class=\"wp-block-cover__image-background wp-image-1857 has-parallax\" style=\"background-position:50% 50%;background-image:url(http:\/\/campoelcortijo.com\/wp-content\/uploads\/2024\/10\/12092022-SAM_0868.jpg)\"><\/div><div class=\"wp-block-cover__inner-container is-layout-flow wp-block-cover-is-layout-flow\">\n<p class=\"has-text-align-center has-large-font-size\"><\/p>\n<\/div><\/div>\n\n\n\n<div style=\"height:40px\" aria-hidden=\"true\" class=\"wp-block-spacer\"><\/div>\n\n\n\n<div class=\"wp-block-columns is-layout-flex wp-container-core-columns-is-layout-9d6595d7 wp-block-columns-is-layout-flex\">\n<div class=\"wp-block-column is-layout-flow wp-block-column-is-layout-flow\">\n<h4 class=\"wp-block-heading has-text-color has-link-color wp-elements-5a7cf37a9bc91d5c58924391af81b8c9\" style=\"color:#d6d754\"><strong>Men\u00fas para todos los gustos<\/strong><\/h4>\n\n\n\n<p style=\"font-size:20px\">Nuestra oferta de men\u00fas incluye opciones para todos los gustos. Desde bocadillos y tapas hasta platos completos, nos aseguramos de que nadie se quede con hambre antes de volver al campo.<\/p>\n\n\n\n<figure class=\"wp-block-image size-large\"><img decoding=\"async\" width=\"1024\" height=\"683\" src=\"http:\/\/campoelcortijo.com\/wp-content\/uploads\/2024\/10\/SAM_0906-1024x683.jpg\" alt=\"\" class=\"wp-image-1858\" srcset=\"https:\/\/campoelcortijo.com\/wp-content\/uploads\/2024\/10\/SAM_0906-1024x683.jpg 1024w, https:\/\/campoelcortijo.com\/wp-content\/uploads\/2024\/10\/SAM_0906-300x200.jpg 300w, https:\/\/campoelcortijo.com\/wp-content\/uploads\/2024\/10\/SAM_0906-768x512.jpg 768w, https:\/\/campoelcortijo.com\/wp-content\/uploads\/2024\/10\/SAM_0906-1536x1024.jpg 1536w, https:\/\/campoelcortijo.com\/wp-content\/uploads\/2024\/10\/SAM_0906-2048x1365.jpg 2048w, https:\/\/campoelcortijo.com\/wp-content\/uploads\/2024\/10\/SAM_0906-600x400.jpg 600w, https:\/\/campoelcortijo.com\/wp-content\/uploads\/2024\/10\/SAM_0906-128x84.jpg 128w, https:\/\/campoelcortijo.com\/wp-content\/uploads\/2024\/10\/SAM_0906-495x330.jpg 495w, https:\/\/campoelcortijo.com\/wp-content\/uploads\/2024\/10\/SAM_0906-800x533.jpg 800w, https:\/\/campoelcortijo.com\/wp-content\/uploads\/2024\/10\/SAM_0906-550x367.jpg 550w\" sizes=\"(max-width: 1024px) 100vw, 1024px\" \/><\/figure>\n<\/div>\n\n\n\n<div class=\"wp-block-column is-layout-flow wp-block-column-is-layout-flow\">\n<figure class=\"wp-block-image size-large\"><img loading=\"lazy\" decoding=\"async\" width=\"1024\" height=\"683\" src=\"http:\/\/campoelcortijo.com\/wp-content\/uploads\/2024\/10\/SAM_0908-1024x683.jpg\" alt=\"\" class=\"wp-image-1860\" srcset=\"https:\/\/campoelcortijo.com\/wp-content\/uploads\/2024\/10\/SAM_0908-1024x683.jpg 1024w, https:\/\/campoelcortijo.com\/wp-content\/uploads\/2024\/10\/SAM_0908-300x200.jpg 300w, https:\/\/campoelcortijo.com\/wp-content\/uploads\/2024\/10\/SAM_0908-768x512.jpg 768w, https:\/\/campoelcortijo.com\/wp-content\/uploads\/2024\/10\/SAM_0908-1536x1024.jpg 1536w, https:\/\/campoelcortijo.com\/wp-content\/uploads\/2024\/10\/SAM_0908-2048x1365.jpg 2048w, https:\/\/campoelcortijo.com\/wp-content\/uploads\/2024\/10\/SAM_0908-600x400.jpg 600w, https:\/\/campoelcortijo.com\/wp-content\/uploads\/2024\/10\/SAM_0908-128x84.jpg 128w, https:\/\/campoelcortijo.com\/wp-content\/uploads\/2024\/10\/SAM_0908-495x330.jpg 495w, https:\/\/campoelcortijo.com\/wp-content\/uploads\/2024\/10\/SAM_0908-800x533.jpg 800w, https:\/\/campoelcortijo.com\/wp-content\/uploads\/2024\/10\/SAM_0908-550x367.jpg 550w\" sizes=\"(max-width: 1024px) 100vw, 1024px\" \/><\/figure>\n\n\n\n<h4 class=\"wp-block-heading has-text-color has-link-color wp-elements-cf686f75c50791c2a6cf4f70992835a8\" style=\"color:#d6d754\"><strong>Espacio para compartir<\/strong><\/h4>\n\n\n\n<p style=\"font-size:20px\">La cantina es m\u00e1s que un lugar para comer; es el espacio donde jugadores y acompa\u00f1antes se encuentran, comparten historias de la partida y crean recuerdos.<\/p>\n<\/div>\n<\/div>\n\n\n\n<div class=\"wp-block-cover alignfull has-parallax\" style=\"min-height:200px;aspect-ratio:unset;\"><span aria-hidden=\"true\" class=\"wp-block-cover__background has-background-dim-40 has-background-dim\" style=\"background-color:#000000\"><\/span><div class=\"wp-block-cover__image-background wp-image-410 has-parallax\" style=\"background-position:50% 50%;background-image:url(http:\/\/campoelcortijo.com\/wp-content\/uploads\/2024\/09\/JRJ02452.jpg)\"><\/div><div class=\"wp-block-cover__inner-container is-layout-flow wp-block-cover-is-layout-flow\"><div class=\"wp-block-image\">\n<figure class=\"aligncenter size-medium is-resized\"><img loading=\"lazy\" decoding=\"async\" width=\"300\" height=\"81\" src=\"https:\/\/campoelcortijo.com\/wp-content\/uploads\/2024\/02\/Logo-2023-sombra-300x81.png\" alt=\"\" class=\"wp-image-138\" style=\"width:404px\" srcset=\"https:\/\/campoelcortijo.com\/wp-content\/uploads\/2024\/02\/Logo-2023-sombra-300x81.png 300w, https:\/\/campoelcortijo.com\/wp-content\/uploads\/2024\/02\/Logo-2023-sombra-600x162.png 600w, https:\/\/campoelcortijo.com\/wp-content\/uploads\/2024\/02\/Logo-2023-sombra-1024x277.png 1024w, https:\/\/campoelcortijo.com\/wp-content\/uploads\/2024\/02\/Logo-2023-sombra-768x207.png 768w, https:\/\/campoelcortijo.com\/wp-content\/uploads\/2024\/02\/Logo-2023-sombra-1536x415.png 1536w, https:\/\/campoelcortijo.com\/wp-content\/uploads\/2024\/02\/Logo-2023-sombra-2048x553.png 2048w, https:\/\/campoelcortijo.com\/wp-content\/uploads\/2024\/02\/Logo-2023-sombra-800x216.png 800w, https:\/\/campoelcortijo.com\/wp-content\/uploads\/2024\/02\/Logo-2023-sombra-550x149.png 550w\" sizes=\"(max-width: 300px) 100vw, 300px\" \/><\/figure>\n<\/div><\/div><\/div>\n","protected":false},"excerpt":{"rendered":"<p>Ambiente acogedor En nuestra cantina encontrar\u00e1s un ambiente acogedor donde relajarte y disfrutar del momento. Con un dise\u00f1o r\u00fastico y un espacio c\u00f3modo, es el lugar perfecto para hacer una pausa, charlar y planear la pr\u00f3xima partida. Variedad de bebidas Mantente hidratado con nuestra selecci\u00f3n de bebidas, desde refrescos y aguas hasta opciones energ\u00e9ticas. Ideal para combatir la sed tras un juego intenso y estar listo para la siguiente ronda. Men\u00fas para todos los gustos Nuestra oferta de men\u00fas incluye opciones para todos los gustos. Desde bocadillos y tapas hasta platos completos, nos aseguramos de que nadie se quede con hambre antes de volver al campo. Espacio para compartir La cantina es m\u00e1s que un lugar para comer; es el espacio donde jugadores y acompa\u00f1antes se encuentran, comparten historias de la partida y crean recuerdos.<\/p>\n","protected":false},"author":1,"featured_media":141,"parent":0,"menu_order":0,"comment_status":"closed","ping_status":"closed","template":"","meta":{"om_disable_all_campaigns":false,"_uf_show_specific_survey":0,"_uf_disable_surveys":false,"footnotes":""},"class_list":["post-58","page","type-page","status-publish","has-post-thumbnail","hentry"],"aioseo_notices":[],"_links":{"self":[{"href":"https:\/\/campoelcortijo.com\/index.php\/wp-json\/wp\/v2\/pages\/58","targetHints":{"allow":["GET"]}}],"collection":[{"href":"https:\/\/campoelcortijo.com\/index.php\/wp-json\/wp\/v2\/pages"}],"about":[{"href":"https:\/\/campoelcortijo.com\/index.php\/wp-json\/wp\/v2\/types\/page"}],"author":[{"embeddable":true,"href":"https:\/\/campoelcortijo.com\/index.php\/wp-json\/wp\/v2\/users\/1"}],"replies":[{"embeddable":true,"href":"https:\/\/campoelcortijo.com\/index.php\/wp-json\/wp\/v2\/comments?post=58"}],"version-history":[{"count":12,"href":"https:\/\/campoelcortijo.com\/index.php\/wp-json\/wp\/v2\/pages\/58\/revisions"}],"predecessor-version":[{"id":2193,"href":"https:\/\/campoelcortijo.com\/index.php\/wp-json\/wp\/v2\/pages\/58\/revisions\/2193"}],"wp:featuredmedia":[{"embeddable":true,"href":"https:\/\/campoelcortijo.com\/index.php\/wp-json\/wp\/v2\/media\/141"}],"wp:attachment":[{"href":"https:\/\/campoelcortijo.com\/index.php\/wp-json\/wp\/v2\/media?parent=58"}],"curies":[{"name":"wp","href":"https:\/\/api.w.org\/{rel}","templated":true}]}}