{"id":612,"date":"2024-09-19T11:00:14","date_gmt":"2024-09-19T09:00:14","guid":{"rendered":"https:\/\/campoelcortijo.com\/?page_id=612"},"modified":"2024-11-01T20:47:51","modified_gmt":"2024-11-01T19:47:51","slug":"quienes-somos","status":"publish","type":"page","link":"https:\/\/campoelcortijo.com\/index.php\/quienes-somos\/","title":{"rendered":"\u00bfQuienes somos?"},"content":{"rendered":"\n<div style=\"height:20px\" aria-hidden=\"true\" class=\"wp-block-spacer\"><\/div>\n\n\n\n<h4 class=\"wp-block-heading has-text-color has-link-color wp-elements-51cdeca17313449d7fbc7b992bb08aa2\" style=\"color:#d6d754\">Sobre nosotros<\/h4>\n\n\n\n<p style=\"font-size:20px\"><strong>Campo de Airsoft El Cortijo<\/strong> es sin duda la empresa de eventos al aire libre y juegos de simulaci\u00f3n militar m\u00e1s importante de Espa\u00f1a. Contamos con un campo de batalla urbano de +80.000m2 donde hemos realizado +700 eventos desde hace m\u00e1s de 15 a\u00f1os que avalan nuestro trabajo y dedicaci\u00f3n.\u00a0Nos dedicamos al ocio activo al aire libre donde nuestro objeto principal es la producci\u00f3n de eventos en \u00e9picas batallas de Airsoft, L\u00e1ser Combat, ArcheryTag y paintball infantil.\u00a0Nuestro objetivo es ofrecer experiencias \u00fanicas, originales y sobretodo divertidas para todo tipo de p\u00fablicos y edades comprendidas entre los 4 a 99 a\u00f1os: Eventos sociales, eventos de empresa, Team Building, reuniones de amigos, cumplea\u00f1os, despedidas de solter@, eventos infantiles!<\/p>\n\n\n\n<p style=\"font-size:20px\">Adem\u00e1s de esto, Campo Airsoft El Cortijo es un espacio que permite la celebraci\u00f3n de:&nbsp;<\/p>\n\n\n\n<ul class=\"wp-block-list\">\n<li style=\"font-size:20px\">Eventos privados y\/o sociales: (Cumplea\u00f1os, comuniones, barbacoas, despedidas, etc.)<\/li>\n\n\n\n<li style=\"font-size:20px\">Eventos de empresa (Teambuilding, coaching, formaci\u00f3n, rodajes de cine, etc.)<\/li>\n\n\n\n<li style=\"font-size:20px\">Rodajes de televisi\u00f3n, cine y videoclips<\/li>\n\n\n\n<li style=\"font-size:20px\">Formaci\u00f3n, entrenamiento y capacitaci\u00f3n<\/li>\n\n\n\n<li style=\"font-size:20px\">Y mucho m\u00e1s.<\/li>\n<\/ul>\n\n\n\n<p style=\"font-size:20px\">Por \u00faltimo, como servicios complementarios ofrecemos:<\/p>\n\n\n\n<ul class=\"wp-block-list\">\n<li style=\"font-size:20px\">Servicio de restauraci\u00f3n con bebidas y comida caliente<\/li>\n\n\n\n<li style=\"font-size:20px\">Servicio de alquiler de material de Airsoft<\/li>\n\n\n\n<li style=\"font-size:20px\">Tienda de suministros de Airsoft<\/li>\n\n\n\n<li style=\"font-size:20px\">Servicio de reparaci\u00f3n de material de Airsoft<\/li>\n<\/ul>\n\n\n\n<h4 class=\"wp-block-heading has-text-color has-link-color wp-elements-0da38d0acc465c924220efe2b2cc09f5\" style=\"color:#d6d754\">Nuestra historia<\/h4>\n\n\n\n<p style=\"font-size:20px\">Nuestra historia comienza en 2010, cuando decidimos dejar atr\u00e1s vidas muy diferentes para seguir nuestra verdadera pasi\u00f3n: el Airsoft. En aquellos a\u00f1os, el Airsoft no era tan conocido en Espa\u00f1a como lo puede ser hoy, pero nos embarcamos en esta aventura con la ilusi\u00f3n de crear un lugar donde este hobby pudiera crecer y expandirse.<\/p>\n\n\n\n<p style=\"font-size:20px\"><em>Siempre hemos estado motivados por un amor profundo hacia la comunidad de la que tanto hemos recibido. Como solemos decir: \u201cCuando el Airsoft te lo da todo, sientes que debes devolv\u00e9rselo\u201d. Con esa mentalidad, comenzamos con muy pocos recursos, llegando incluso a vivir cinco a\u00f1os en el propio terreno, renunciando a fines de semana, festivos y fiestas importantes, todo por el sue\u00f1o de construir el campo perfecto que nos gustar\u00eda&nbsp; a nosotros; como jugadores, disfrutar.<\/em><\/p>\n\n\n\n<p style=\"font-size:20px\"><em>Nuestra historia est\u00e1 llena de esfuerzo, constancia y sacrificio, algo que hoy en d\u00eda forma parte de nuestra identidad y que intentamos transmitir cada vez que organizamos una partida. A lo largo de los a\u00f1os, miles de jugadores nos han acompa\u00f1ado en esta aventura, y muchos de ellos se han quedado para formar parte de esta gran familia.<\/em><\/p>\n\n\n\n<p style=\"font-size:20px\"><em>Hoy miramos hacia el futuro con la misma ilusi\u00f3n con la que empezamos, conscientes de que a\u00fan hay mucho por hacer y mejorar. Sin embargo, lo que m\u00e1s nos motiva es la pasi\u00f3n por lo que hacemos, y nos encanta poder compartirla contigo, ofreci\u00e9ndote experiencias inolvidables y emocionantes en el maravilloso mundo del Airsoft.<\/em><\/p>\n\n\n\n<p style=\"font-size:20px\"><em>\u00a1Nos encanta lo que hacemos, y queremos que lo vivas con nosotros!<\/em><\/p>\n\n\n\n<h4 class=\"wp-block-heading has-text-color has-link-color wp-elements-a34be461b7e9564f802b0ca3e28576d5\" style=\"color:#d6d754\">Nuestra filosof\u00eda: Misi\u00f3n, visi\u00f3n y valores.<\/h4>\n\n\n\n<p style=\"font-size:20px\">La filosof\u00eda de Campo Airsoft El Cortijo se basa en cuatro pilares fundamentales:<\/p>\n\n\n\n<ul class=\"wp-block-list\">\n<li style=\"font-size:20px\"><strong>Experiencias inolvidables:<\/strong><\/li>\n<\/ul>\n\n\n\n<p style=\"font-size:20px\">Cada visita a nuestro campo es \u00fanica. Creamos eventos tem\u00e1ticos y misiones llenas de adrenalina que mantienen a todos al l\u00edmite de la emoci\u00f3n, asegurando que cada partida sea una nueva aventura.<\/p>\n\n\n\n<ul class=\"wp-block-list\">\n<li style=\"font-size:20px\"><strong>Pasi\u00f3n y comunidad: \u00a1Hacemos Airsoft!<\/strong><\/li>\n<\/ul>\n\n\n\n<p style=\"font-size:20px\">El Airsoft es mucho m\u00e1s que un juego; es un estilo de vida. Nos apasiona compartir esta afici\u00f3n con cada persona que nos visita y ser parte activa de la comunidad de jugadores, tanto a nivel nacional como internacional. No somos solo un campo de juego, somos una comunidad. Unimos a jugadores de todas las edades y niveles en un ambiente acogedor donde nacen grandes amistades y se viven partidas \u00e9picas. La comunidad es nuestra esencia, y por eso mantenemos un di\u00e1logo continuo con todos los jugadores, fomentando los valores que hacen del Airsoft una experiencia \u00fanica.<\/p>\n\n\n\n<ul class=\"wp-block-list\">\n<li style=\"font-size:20px\"><strong>Seguridad y atenci\u00f3n al detalle<\/strong><\/li>\n<\/ul>\n\n\n\n<p style=\"font-size:20px\">La seguridad es nuestra prioridad. Nos dedicamos a ofrecer un entorno seguro y profesional, cumpliendo rigurosamente con todas las normativas y reglamentos. Cada detalle est\u00e1 dise\u00f1ado para que la experiencia sea tan emocionante como segura.<\/p>\n\n\n\n<ul class=\"wp-block-list\">\n<li style=\"font-size:20px\"><strong>Innovaci\u00f3n y nuevos horizontes<\/strong><\/li>\n<\/ul>\n\n\n\n<p style=\"font-size:20px\">Siempre buscamos estar a la vanguardia. Nos reinventamos constantemente y apostamos por ideas frescas, ofreciendo experiencias que siguen las \u00faltimas tendencias del Airsoft tanto en Espa\u00f1a como a nivel internacional, alineadas con los est\u00e1ndares europeos y norteamericanos.<\/p>\n\n\n\n<div class=\"wp-block-cover alignfull has-parallax\" style=\"min-height:200px;aspect-ratio:unset;\"><span aria-hidden=\"true\" class=\"wp-block-cover__background has-background-dim-40 has-background-dim\" style=\"background-color:#000000\"><\/span><div class=\"wp-block-cover__image-background wp-image-410 has-parallax\" style=\"background-position:50% 50%;background-image:url(http:\/\/campoelcortijo.com\/wp-content\/uploads\/2024\/09\/JRJ02452.jpg)\"><\/div><div class=\"wp-block-cover__inner-container is-layout-flow wp-block-cover-is-layout-flow\"><div class=\"wp-block-image\">\n<figure class=\"aligncenter size-medium is-resized\"><img decoding=\"async\" width=\"300\" height=\"81\" src=\"https:\/\/campoelcortijo.com\/wp-content\/uploads\/2024\/02\/Logo-2023-sombra-300x81.png\" alt=\"\" class=\"wp-image-138\" style=\"width:404px\" srcset=\"https:\/\/campoelcortijo.com\/wp-content\/uploads\/2024\/02\/Logo-2023-sombra-300x81.png 300w, https:\/\/campoelcortijo.com\/wp-content\/uploads\/2024\/02\/Logo-2023-sombra-600x162.png 600w, https:\/\/campoelcortijo.com\/wp-content\/uploads\/2024\/02\/Logo-2023-sombra-1024x277.png 1024w, https:\/\/campoelcortijo.com\/wp-content\/uploads\/2024\/02\/Logo-2023-sombra-768x207.png 768w, https:\/\/campoelcortijo.com\/wp-content\/uploads\/2024\/02\/Logo-2023-sombra-1536x415.png 1536w, https:\/\/campoelcortijo.com\/wp-content\/uploads\/2024\/02\/Logo-2023-sombra-2048x553.png 2048w, https:\/\/campoelcortijo.com\/wp-content\/uploads\/2024\/02\/Logo-2023-sombra-800x216.png 800w, https:\/\/campoelcortijo.com\/wp-content\/uploads\/2024\/02\/Logo-2023-sombra-550x149.png 550w\" sizes=\"(max-width: 300px) 100vw, 300px\" \/><\/figure>\n<\/div><\/div><\/div>\n\n\n\n<p><\/p>\n","protected":false},"excerpt":{"rendered":"<p>Sobre nosotros Campo de Airsoft El Cortijo es sin duda la empresa de eventos al aire libre y juegos de simulaci\u00f3n militar m\u00e1s importante de Espa\u00f1a. Contamos con un campo de batalla urbano de +80.000m2 donde hemos realizado +700 eventos desde hace m\u00e1s de 15 a\u00f1os que avalan nuestro trabajo y dedicaci\u00f3n.\u00a0Nos dedicamos al ocio activo al aire libre donde nuestro objeto principal es la producci\u00f3n de eventos en \u00e9picas batallas de Airsoft, L\u00e1ser Combat, ArcheryTag y paintball infantil.\u00a0Nuestro objetivo es ofrecer experiencias \u00fanicas, originales y sobretodo divertidas para todo tipo de p\u00fablicos y edades comprendidas entre los 4 a 99 a\u00f1os: Eventos sociales, eventos de empresa, Team Building, reuniones de amigos, cumplea\u00f1os, despedidas de solter@, eventos infantiles! Adem\u00e1s de esto, Campo Airsoft El Cortijo es un espacio que permite la celebraci\u00f3n de:&nbsp; Por \u00faltimo, como servicios complementarios ofrecemos: Nuestra historia Nuestra historia comienza en 2010, cuando decidimos dejar atr\u00e1s [&hellip;]<\/p>\n","protected":false},"author":1,"featured_media":141,"parent":0,"menu_order":0,"comment_status":"closed","ping_status":"closed","template":"","meta":{"om_disable_all_campaigns":false,"_uf_show_specific_survey":0,"_uf_disable_surveys":false,"footnotes":""},"class_list":["post-612","page","type-page","status-publish","has-post-thumbnail","hentry"],"aioseo_notices":[],"_links":{"self":[{"href":"https:\/\/campoelcortijo.com\/index.php\/wp-json\/wp\/v2\/pages\/612","targetHints":{"allow":["GET"]}}],"collection":[{"href":"https:\/\/campoelcortijo.com\/index.php\/wp-json\/wp\/v2\/pages"}],"about":[{"href":"https:\/\/campoelcortijo.com\/index.php\/wp-json\/wp\/v2\/types\/page"}],"author":[{"embeddable":true,"href":"https:\/\/campoelcortijo.com\/index.php\/wp-json\/wp\/v2\/users\/1"}],"replies":[{"embeddable":true,"href":"https:\/\/campoelcortijo.com\/index.php\/wp-json\/wp\/v2\/comments?post=612"}],"version-history":[{"count":10,"href":"https:\/\/campoelcortijo.com\/index.php\/wp-json\/wp\/v2\/pages\/612\/revisions"}],"predecessor-version":[{"id":2022,"href":"https:\/\/campoelcortijo.com\/index.php\/wp-json\/wp\/v2\/pages\/612\/revisions\/2022"}],"wp:featuredmedia":[{"embeddable":true,"href":"https:\/\/campoelcortijo.com\/index.php\/wp-json\/wp\/v2\/media\/141"}],"wp:attachment":[{"href":"https:\/\/campoelcortijo.com\/index.php\/wp-json\/wp\/v2\/media?parent=612"}],"curies":[{"name":"wp","href":"https:\/\/api.w.org\/{rel}","templated":true}]}}