{"id":614,"date":"2024-09-19T11:03:37","date_gmt":"2024-09-19T09:03:37","guid":{"rendered":"https:\/\/campoelcortijo.com\/?page_id=614"},"modified":"2024-10-31T21:44:40","modified_gmt":"2024-10-31T20:44:40","slug":"como-llegar","status":"publish","type":"page","link":"https:\/\/campoelcortijo.com\/index.php\/como-llegar\/","title":{"rendered":"C\u00f3mo llegar"},"content":{"rendered":"\n<div style=\"height:20px\" aria-hidden=\"true\" class=\"wp-block-spacer\"><\/div>\n\n\n\n<h4 class=\"wp-block-heading has-text-align-center has-text-color has-link-color wp-elements-0073b89fc2fd8015ced205d14c2598a3\" style=\"color:#d6d754\">\u00a1F\u00e1cil de Llegar, Dif\u00edcil de Olvidar!<\/h4>\n\n\n<div class=\"wp-block-image\">\n<figure class=\"aligncenter size-large is-resized\"><img fetchpriority=\"high\" decoding=\"async\" width=\"1024\" height=\"1024\" src=\"http:\/\/campoelcortijo.com\/wp-content\/uploads\/2024\/09\/Logo-depurado-nuevo-blanco-1024x1024.png\" alt=\"\" class=\"wp-image-424\" style=\"width:auto;height:100px\" srcset=\"https:\/\/campoelcortijo.com\/wp-content\/uploads\/2024\/09\/Logo-depurado-nuevo-blanco-1024x1024.png 1024w, https:\/\/campoelcortijo.com\/wp-content\/uploads\/2024\/09\/Logo-depurado-nuevo-blanco-360x360.png 360w, https:\/\/campoelcortijo.com\/wp-content\/uploads\/2024\/09\/Logo-depurado-nuevo-blanco-100x100.png 100w, https:\/\/campoelcortijo.com\/wp-content\/uploads\/2024\/09\/Logo-depurado-nuevo-blanco-600x600.png 600w, https:\/\/campoelcortijo.com\/wp-content\/uploads\/2024\/09\/Logo-depurado-nuevo-blanco-300x300.png 300w, https:\/\/campoelcortijo.com\/wp-content\/uploads\/2024\/09\/Logo-depurado-nuevo-blanco-150x150.png 150w, https:\/\/campoelcortijo.com\/wp-content\/uploads\/2024\/09\/Logo-depurado-nuevo-blanco-768x768.png 768w, https:\/\/campoelcortijo.com\/wp-content\/uploads\/2024\/09\/Logo-depurado-nuevo-blanco-1536x1536.png 1536w, https:\/\/campoelcortijo.com\/wp-content\/uploads\/2024\/09\/Logo-depurado-nuevo-blanco-2048x2048.png 2048w, https:\/\/campoelcortijo.com\/wp-content\/uploads\/2024\/09\/Logo-depurado-nuevo-blanco-24x24.png 24w, https:\/\/campoelcortijo.com\/wp-content\/uploads\/2024\/09\/Logo-depurado-nuevo-blanco-48x48.png 48w, https:\/\/campoelcortijo.com\/wp-content\/uploads\/2024\/09\/Logo-depurado-nuevo-blanco-96x96.png 96w, https:\/\/campoelcortijo.com\/wp-content\/uploads\/2024\/09\/Logo-depurado-nuevo-blanco-250x250.png 250w, https:\/\/campoelcortijo.com\/wp-content\/uploads\/2024\/09\/Logo-depurado-nuevo-blanco-140x140.png 140w, https:\/\/campoelcortijo.com\/wp-content\/uploads\/2024\/09\/Logo-depurado-nuevo-blanco-110x110.png 110w, https:\/\/campoelcortijo.com\/wp-content\/uploads\/2024\/09\/Logo-depurado-nuevo-blanco-275x275.png 275w, https:\/\/campoelcortijo.com\/wp-content\/uploads\/2024\/09\/Logo-depurado-nuevo-blanco-800x800.png 800w, https:\/\/campoelcortijo.com\/wp-content\/uploads\/2024\/09\/Logo-depurado-nuevo-blanco-550x550.png 550w\" sizes=\"(max-width: 1024px) 100vw, 1024px\" \/><\/figure>\n<\/div>\n\n\n<p style=\"font-size:20px\">Nos encontramos pegados a la Autov\u00eda A-42 al pie de Torrej\u00f3n de la Calzada, una ubicaci\u00f3n estrat\u00e9gica a muy pocos minutos en coche del centro de Madrid. Nuestro centro de actividades est\u00e1 en una zona tranquila, rodeada de naturaleza, perfecta para desconectar del bullicio de la ciudad y sumergirte en un d\u00eda lleno de adrenalina.<\/p>\n\n\n\n<h4 class=\"wp-block-heading has-text-color has-link-color wp-elements-75932a130c0264fb241d222321bb7bbf\" style=\"color:#d6d754\">En coche desde Madrid o Toledo:<\/h4>\n\n\n\n<ul class=\"wp-block-list\">\n<li style=\"font-size:20px\"><strong>Desde Madrid direcci\u00f3n Toledo: Estamos al pie de la autov\u00eda A-42, salida 28 Torrej\u00f3n de la Calzada sur.<\/strong> Cuando veas la rotonda con la bandera de Espa\u00f1a, toma la tercera salida como si fueras a hacer el cambio de sentido para retornar a Madrid. Tras una peque\u00f1a subida, en el cruce gira a la derecha. Nos ver\u00e1s super f\u00e1cil a tu derecha.<\/li>\n\n\n\n<li style=\"font-size:20px\"><strong>Desde Toledo direcci\u00f3n Madrid: Estamos al pie de la autov\u00eda A-42, salida 28 Torrej\u00f3n de la Calzada sur<\/strong>. En el cruce, gira a la izquierda cruzando el puente sobre la A42. Nos veras de frente, a menos de 15 metros donde comienza el camino de tierra.<\/li>\n<\/ul>\n\n\n\n<h4 class=\"wp-block-heading has-text-color has-link-color wp-elements-8c6232169215b68d24ae0f6923e1c752\" style=\"color:#d6d754\">En transporte p\u00fablico:<\/h4>\n\n\n\n<ul class=\"wp-block-list\">\n<li style=\"font-size:20px\"><strong>En Cercan\u00edas desde Madrid: <\/strong>Toma la C4a hasta Parla. All\u00ed toma el autob\u00fas 464 direcci\u00f3n Yunclillos-General Varela. Nos encontrar\u00e1s en la parada Real Urbanizaci\u00f3n Los Pinos en Torrej\u00f3n de la Calzada<\/li>\n\n\n\n<li style=\"font-size:20px\"><strong>En Bus desde Madrid:<\/strong> Parada Real Urbanizaci\u00f3n Los Pinos en Torrej\u00f3n de la Calzada, l\u00ednea de autob\u00fas 464 direcci\u00f3n Yunclillos-General Varela<\/li>\n<\/ul>\n\n\n\n<p><font _mstmutation=\"1\"><\/font><\/p>\n\n\n\n<div class=\"wp-block-columns is-layout-flex wp-container-core-columns-is-layout-9d6595d7 wp-block-columns-is-layout-flex\">\n<div class=\"wp-block-column is-layout-flow wp-block-column-is-layout-flow\"><div class=\"wp-block-image is-style-rounded\">\n<figure class=\"aligncenter size-full is-resized\"><img decoding=\"async\" width=\"800\" height=\"497\" src=\"http:\/\/campoelcortijo.com\/wp-content\/uploads\/2024\/09\/image-1.png\" alt=\"\" class=\"wp-image-381\" style=\"aspect-ratio:4\/3;object-fit:cover;width:504px;height:auto\" srcset=\"https:\/\/campoelcortijo.com\/wp-content\/uploads\/2024\/09\/image-1.png 800w, https:\/\/campoelcortijo.com\/wp-content\/uploads\/2024\/09\/image-1-600x373.png 600w, https:\/\/campoelcortijo.com\/wp-content\/uploads\/2024\/09\/image-1-300x186.png 300w, https:\/\/campoelcortijo.com\/wp-content\/uploads\/2024\/09\/image-1-768x477.png 768w, https:\/\/campoelcortijo.com\/wp-content\/uploads\/2024\/09\/image-1-550x342.png 550w\" sizes=\"(max-width: 800px) 100vw, 800px\" \/><\/figure>\n<\/div><\/div>\n\n\n\n<div class=\"wp-block-column is-layout-flow wp-block-column-is-layout-flow\"><div class=\"wp-block-image is-style-rounded\">\n<figure class=\"aligncenter size-large is-resized\"><img decoding=\"async\" width=\"1024\" height=\"897\" src=\"http:\/\/campoelcortijo.com\/wp-content\/uploads\/2024\/09\/image-2-1024x897.png\" alt=\"\" class=\"wp-image-382\" style=\"aspect-ratio:1.3333333333333333;object-fit:cover;width:504px;height:auto\" srcset=\"https:\/\/campoelcortijo.com\/wp-content\/uploads\/2024\/09\/image-2-1024x897.png 1024w, https:\/\/campoelcortijo.com\/wp-content\/uploads\/2024\/09\/image-2-600x526.png 600w, https:\/\/campoelcortijo.com\/wp-content\/uploads\/2024\/09\/image-2-300x263.png 300w, https:\/\/campoelcortijo.com\/wp-content\/uploads\/2024\/09\/image-2-768x673.png 768w, https:\/\/campoelcortijo.com\/wp-content\/uploads\/2024\/09\/image-2-800x701.png 800w, https:\/\/campoelcortijo.com\/wp-content\/uploads\/2024\/09\/image-2-550x482.png 550w, https:\/\/campoelcortijo.com\/wp-content\/uploads\/2024\/09\/image-2.png 1083w\" sizes=\"(max-width: 1024px) 100vw, 1024px\" \/><\/figure>\n<\/div><\/div>\n<\/div>\n\n\n\n<p style=\"font-size:20px\">Ya sea que vengas con amigos, en familia o con tu grupo de trabajo, estamos a tu alcance para vivir una experiencia \u00fanica. No importa desde d\u00f3nde vengas, llegar aqu\u00ed es sencillo, y una vez que est\u00e9s, \u00a1la diversi\u00f3n est\u00e1 garantizada!<\/p>\n\n\n\n<p><font _mstmutation=\"1\"><\/font><\/p>\n\n\n\n<div class=\"wp-block-cover alignfull has-parallax\" style=\"min-height:200px;aspect-ratio:unset;\"><span aria-hidden=\"true\" class=\"wp-block-cover__background has-background-dim-40 has-background-dim\" style=\"background-color:#000000\"><\/span><div class=\"wp-block-cover__image-background wp-image-410 has-parallax\" style=\"background-position:50% 50%;background-image:url(http:\/\/campoelcortijo.com\/wp-content\/uploads\/2024\/09\/JRJ02452.jpg)\"><\/div><div class=\"wp-block-cover__inner-container is-layout-flow wp-block-cover-is-layout-flow\"><div class=\"wp-block-image\">\n<figure class=\"aligncenter size-medium is-resized\"><img loading=\"lazy\" decoding=\"async\" width=\"300\" height=\"81\" src=\"https:\/\/campoelcortijo.com\/wp-content\/uploads\/2024\/02\/Logo-2023-sombra-300x81.png\" alt=\"\" class=\"wp-image-138\" style=\"width:404px\" srcset=\"https:\/\/campoelcortijo.com\/wp-content\/uploads\/2024\/02\/Logo-2023-sombra-300x81.png 300w, https:\/\/campoelcortijo.com\/wp-content\/uploads\/2024\/02\/Logo-2023-sombra-600x162.png 600w, https:\/\/campoelcortijo.com\/wp-content\/uploads\/2024\/02\/Logo-2023-sombra-1024x277.png 1024w, https:\/\/campoelcortijo.com\/wp-content\/uploads\/2024\/02\/Logo-2023-sombra-768x207.png 768w, https:\/\/campoelcortijo.com\/wp-content\/uploads\/2024\/02\/Logo-2023-sombra-1536x415.png 1536w, https:\/\/campoelcortijo.com\/wp-content\/uploads\/2024\/02\/Logo-2023-sombra-2048x553.png 2048w, https:\/\/campoelcortijo.com\/wp-content\/uploads\/2024\/02\/Logo-2023-sombra-800x216.png 800w, https:\/\/campoelcortijo.com\/wp-content\/uploads\/2024\/02\/Logo-2023-sombra-550x149.png 550w\" sizes=\"(max-width: 300px) 100vw, 300px\" \/><\/figure>\n<\/div><\/div><\/div>\n\n\n\n<p><\/p>\n","protected":false},"excerpt":{"rendered":"<p>\u00a1F\u00e1cil de Llegar, Dif\u00edcil de Olvidar! Nos encontramos pegados a la Autov\u00eda A-42 al pie de Torrej\u00f3n de la Calzada, una ubicaci\u00f3n estrat\u00e9gica a muy pocos minutos en coche del centro de Madrid. Nuestro centro de actividades est\u00e1 en una zona tranquila, rodeada de naturaleza, perfecta para desconectar del bullicio de la ciudad y sumergirte en un d\u00eda lleno de adrenalina. En coche desde Madrid o Toledo: En transporte p\u00fablico: Ya sea que vengas con amigos, en familia o con tu grupo de trabajo, estamos a tu alcance para vivir una experiencia \u00fanica. No importa desde d\u00f3nde vengas, llegar aqu\u00ed es sencillo, y una vez que est\u00e9s, \u00a1la diversi\u00f3n est\u00e1 garantizada!<\/p>\n","protected":false},"author":1,"featured_media":141,"parent":0,"menu_order":0,"comment_status":"closed","ping_status":"closed","template":"","meta":{"om_disable_all_campaigns":false,"_uf_show_specific_survey":0,"_uf_disable_surveys":false,"footnotes":""},"class_list":["post-614","page","type-page","status-publish","has-post-thumbnail","hentry"],"aioseo_notices":[],"_links":{"self":[{"href":"https:\/\/campoelcortijo.com\/index.php\/wp-json\/wp\/v2\/pages\/614","targetHints":{"allow":["GET"]}}],"collection":[{"href":"https:\/\/campoelcortijo.com\/index.php\/wp-json\/wp\/v2\/pages"}],"about":[{"href":"https:\/\/campoelcortijo.com\/index.php\/wp-json\/wp\/v2\/types\/page"}],"author":[{"embeddable":true,"href":"https:\/\/campoelcortijo.com\/index.php\/wp-json\/wp\/v2\/users\/1"}],"replies":[{"embeddable":true,"href":"https:\/\/campoelcortijo.com\/index.php\/wp-json\/wp\/v2\/comments?post=614"}],"version-history":[{"count":19,"href":"https:\/\/campoelcortijo.com\/index.php\/wp-json\/wp\/v2\/pages\/614\/revisions"}],"predecessor-version":[{"id":2003,"href":"https:\/\/campoelcortijo.com\/index.php\/wp-json\/wp\/v2\/pages\/614\/revisions\/2003"}],"wp:featuredmedia":[{"embeddable":true,"href":"https:\/\/campoelcortijo.com\/index.php\/wp-json\/wp\/v2\/media\/141"}],"wp:attachment":[{"href":"https:\/\/campoelcortijo.com\/index.php\/wp-json\/wp\/v2\/media?parent=614"}],"curies":[{"name":"wp","href":"https:\/\/api.w.org\/{rel}","templated":true}]}}