{"id":617,"date":"2024-09-19T11:07:50","date_gmt":"2024-09-19T09:07:50","guid":{"rendered":"https:\/\/campoelcortijo.com\/?page_id=617"},"modified":"2024-11-02T11:06:36","modified_gmt":"2024-11-02T10:06:36","slug":"derecho-de-admision","status":"publish","type":"page","link":"https:\/\/campoelcortijo.com\/index.php\/derecho-de-admision\/","title":{"rendered":"Derecho de Admisi\u00f3n"},"content":{"rendered":"\n<div style=\"height:20px\" aria-hidden=\"true\" class=\"wp-block-spacer\"><\/div>\n\n\n\n<h4 class=\"wp-block-heading has-text-color has-link-color wp-elements-8751aa5a8e9a3343b5c7038f2c0e9e4a\" style=\"color:#d4d756\"><strong>MOTIVOS DE EXPULSI\u00d3N Y DERECHO DE ADMISI\u00d3N<\/strong><\/h4>\n\n\n\n<h4 class=\"wp-block-heading has-text-color has-link-color wp-elements-87c8b9c0322b5f3df0b611a138666d34\" style=\"color:#d4d756\"><strong>DERECHO DE ADMISION<\/strong><\/h4>\n\n\n\n<p style=\"font-size:20px\">Campo Airsoft El Cortijo se reserva el derecho de admitir en sus instalaciones a aquellas personas que, por su comportamiento, considere que puedan resultar molestos o peligrosos para otros usuarios, o que puedan alterar el correcto funcionamiento de las instalaciones o protocolos. Galarza San Jose, Pilar, Responsable de la entidad Campo Airsoft El Cortijo provista de NIF 50743242K, al amparo de lo dispuesto en el art\u00edculo 59.1e) del REAL DECRETO 2816\/1982, de 27 de agosto, por el que se aprueba el Reglamento General de Pol\u00edtica de Espect\u00e1culos P\u00fablicos y Actividades Recreativas, tiene reservado el derecho de admisi\u00f3n, por las siguientes CAUSAS por las cuales QUEDA PROHIBIDA LA ENTRADA Y\/O PERMANENCIA EN NUESTRAS INSTALACIONES A TODA PERSONA QUE:<\/p>\n\n\n\n<ul class=\"wp-block-list\">\n<li style=\"font-size:20px\">SE ENCUENTRE EN ESTADO DE EMBRIAGUEZ.<\/li>\n\n\n\n<li style=\"font-size:20px\">PORTE O CONSUMA CUALQUIER TIPO DE DROGAS O SUSTANCIAS PSICOTR\u00d3PICAS.<\/li>\n\n\n\n<li style=\"font-size:20px\">PROVOQUE O PARTICIPE EN CUALQUIER DESORDEN EN EL LOCAL.<\/li>\n\n\n\n<li style=\"font-size:20px\">TENGA FALTA DE ASEO PERSONAL.<\/li>\n\n\n\n<li style=\"font-size:20px\">INSULTE O FALTE AL RESPETO AL PERSONAL O CLIENTES DEL LOCAL.<\/li>\n<\/ul>\n\n\n\n<h4 class=\"wp-block-heading has-text-color has-link-color wp-elements-900fa431b647bec4b2f202cac6e99c62\" style=\"color:#d4d756\"><strong>MOTIVOS DE EXPULSI\u00d3N DIRECTA:<\/strong><\/h4>\n\n\n\n<p style=\"font-size:20px\">As\u00ed mismo, para garantizar el buen funcionamiento de los usos de las instalaciones y los servicios y actividades ofertados, son motivos de expulsi\u00f3n directa:<\/p>\n\n\n\n<p style=\"font-size:20px\">-Al entrar en nuestras instalaciones, usted acepta las condiciones anteriormente expuestas.<\/p>\n\n\n\n<p style=\"font-size:20px\">-Quitarse las gafas o protecci\u00f3n ocular dentro de la ZONA DE GUERRA.<\/p>\n\n\n\n<p style=\"font-size:20px\">-Discutir o increpar a otro jugador o miembro de Organizaci\u00f3n\/Staff<\/p>\n\n\n\n<p style=\"font-size:20px\">-Encontrarse bajo los efectos del alcohol, drogas u otras sustancias<\/p>\n\n\n\n<p style=\"font-size:20px\">-Los Organizadores\/Monitores tienen la \u00faltima palabra en la toma de decisiones.<\/p>\n\n\n\n<p style=\"font-size:20px\">-No se permiten armas de fuego real ni arma blanca ni cualquier objeto que pueda considerarse peligroso.<\/p>\n\n\n\n<p style=\"font-size:20px\">-No se permite entrar en estado de embriaguez ni bajo el consumo de sustancias estupefacientes.<\/p>\n\n\n\n<p style=\"font-size:20px\">-Prohibido jugar sin las protecciones faciales, las cuales deben ser homologadas.<\/p>\n\n\n\n<p style=\"font-size:20px\">-Se expulsar\u00e1 a aquellos jugadores que no cumplan las Normativa del Espacio y Juego de Campo Airsoft El Cortijo, dispuestas en las inscripciones de los eventos de Campo Airsoft El Cortijo.<\/p>\n\n\n\n<p style=\"font-size:20px\">-Se expulsar\u00e1 a aquellos jugadores que pongan en peligro su salud y\/o la salud de los asistentes o a cualquier persona que muestre un comportamiento irrespetuoso o violento hacia la Organizaci\u00f3n o el resto de participantes.<\/p>\n\n\n\n<p style=\"font-size:20px\">-Se prohibir\u00e1 la entrada a aquellas personas que consideremos reincidentes en los malos comportamientos o incumplimiento de las normas de Campo Airsoft El Cortijo o por faltas de asistencia sin previo aviso.<\/p>\n\n\n\n<p style=\"font-size:20px\">-Una vez iniciada la actividad, no se devolver\u00e1 el importe salvo fuerza mayor<\/p>\n\n\n\n<div class=\"wp-block-cover alignfull has-parallax\" style=\"min-height:200px;aspect-ratio:unset;\"><span aria-hidden=\"true\" class=\"wp-block-cover__background has-background-dim-40 has-background-dim\" style=\"background-color:#000000\"><\/span><div class=\"wp-block-cover__image-background wp-image-141 has-parallax\" style=\"background-position:50% 50%;background-image:url(http:\/\/campoelcortijo.com\/wp-content\/uploads\/2024\/02\/Fondo-3.png)\"><\/div><div class=\"wp-block-cover__inner-container is-layout-flow wp-block-cover-is-layout-flow\">\n<div class=\"wp-block-columns is-layout-flex wp-container-core-columns-is-layout-9d6595d7 wp-block-columns-is-layout-flex\">\n<div class=\"wp-block-column is-vertically-aligned-center is-layout-flow wp-block-column-is-layout-flow\" style=\"flex-basis:15%\"><div class=\"wp-block-image\">\n<figure class=\"alignleft size-large is-resized\"><img fetchpriority=\"high\" decoding=\"async\" width=\"1024\" height=\"1024\" src=\"http:\/\/campoelcortijo.com\/wp-content\/uploads\/2024\/09\/Logo-depurado-nuevo-blanco-1024x1024.png\" alt=\"\" class=\"wp-image-424\" style=\"width:auto;height:100px\" srcset=\"https:\/\/campoelcortijo.com\/wp-content\/uploads\/2024\/09\/Logo-depurado-nuevo-blanco-1024x1024.png 1024w, https:\/\/campoelcortijo.com\/wp-content\/uploads\/2024\/09\/Logo-depurado-nuevo-blanco-360x360.png 360w, https:\/\/campoelcortijo.com\/wp-content\/uploads\/2024\/09\/Logo-depurado-nuevo-blanco-100x100.png 100w, https:\/\/campoelcortijo.com\/wp-content\/uploads\/2024\/09\/Logo-depurado-nuevo-blanco-600x600.png 600w, https:\/\/campoelcortijo.com\/wp-content\/uploads\/2024\/09\/Logo-depurado-nuevo-blanco-300x300.png 300w, https:\/\/campoelcortijo.com\/wp-content\/uploads\/2024\/09\/Logo-depurado-nuevo-blanco-150x150.png 150w, https:\/\/campoelcortijo.com\/wp-content\/uploads\/2024\/09\/Logo-depurado-nuevo-blanco-768x768.png 768w, https:\/\/campoelcortijo.com\/wp-content\/uploads\/2024\/09\/Logo-depurado-nuevo-blanco-1536x1536.png 1536w, https:\/\/campoelcortijo.com\/wp-content\/uploads\/2024\/09\/Logo-depurado-nuevo-blanco-2048x2048.png 2048w, https:\/\/campoelcortijo.com\/wp-content\/uploads\/2024\/09\/Logo-depurado-nuevo-blanco-24x24.png 24w, https:\/\/campoelcortijo.com\/wp-content\/uploads\/2024\/09\/Logo-depurado-nuevo-blanco-48x48.png 48w, https:\/\/campoelcortijo.com\/wp-content\/uploads\/2024\/09\/Logo-depurado-nuevo-blanco-96x96.png 96w, https:\/\/campoelcortijo.com\/wp-content\/uploads\/2024\/09\/Logo-depurado-nuevo-blanco-250x250.png 250w, https:\/\/campoelcortijo.com\/wp-content\/uploads\/2024\/09\/Logo-depurado-nuevo-blanco-140x140.png 140w, https:\/\/campoelcortijo.com\/wp-content\/uploads\/2024\/09\/Logo-depurado-nuevo-blanco-110x110.png 110w, https:\/\/campoelcortijo.com\/wp-content\/uploads\/2024\/09\/Logo-depurado-nuevo-blanco-275x275.png 275w, https:\/\/campoelcortijo.com\/wp-content\/uploads\/2024\/09\/Logo-depurado-nuevo-blanco-800x800.png 800w, https:\/\/campoelcortijo.com\/wp-content\/uploads\/2024\/09\/Logo-depurado-nuevo-blanco-550x550.png 550w\" sizes=\"(max-width: 1024px) 100vw, 1024px\" \/><\/figure>\n<\/div><\/div>\n\n\n\n<div class=\"wp-block-column is-vertically-aligned-center is-layout-flow wp-block-column-is-layout-flow\" style=\"flex-basis:70%\">\n<h4 class=\"wp-block-heading alignwide has-text-align-center has-text-color has-link-color wp-elements-8e6d7ec6c3f90aaa7bab2710ce065a0e\" style=\"color:#d6d754\">DESCARGA NUESTRA NORMATIVA <\/h4>\n\n\n\n<p class=\"has-text-align-center\" style=\"font-size:20px\"><strong>Consulta y descarga nuestro .PDF<\/strong> con nuestra normativa del Centro y reglas de Juego de Airsoft. Aplicable en eventos de Airsoft p\u00fablicos y privados.<\/p>\n\n\n\n<div class=\"wp-block-buttons alignwide is-vertical is-content-justification-center is-layout-flex wp-container-core-buttons-is-layout-6c6ac9d5 wp-block-buttons-is-layout-flex\">\n<div class=\"wp-block-button is-style-outline is-style-outline--1\"><a class=\"wp-block-button__link has-text-color has-background has-text-align-center wp-element-button\" href=\"http:\/\/campoelcortijo.com\/wp-content\/uploads\/2024\/10\/00.-Normativa-Campo-Airsoft-El-Cortijo-Enero-2024.pdf\" style=\"color:#ffffff;background-color:#000000\" target=\"_blank\" rel=\"noreferrer noopener\">Descargar<\/a><\/div>\n<\/div>\n<\/div>\n\n\n\n<div class=\"wp-block-column is-vertically-aligned-center is-layout-flow wp-block-column-is-layout-flow\" style=\"flex-basis:15%\"><div class=\"wp-block-image\">\n<figure class=\"alignright size-large is-resized\"><img fetchpriority=\"high\" decoding=\"async\" width=\"1024\" height=\"1024\" src=\"http:\/\/campoelcortijo.com\/wp-content\/uploads\/2024\/09\/Logo-depurado-nuevo-blanco-1024x1024.png\" alt=\"\" class=\"wp-image-424\" style=\"width:auto;height:100px\" srcset=\"https:\/\/campoelcortijo.com\/wp-content\/uploads\/2024\/09\/Logo-depurado-nuevo-blanco-1024x1024.png 1024w, https:\/\/campoelcortijo.com\/wp-content\/uploads\/2024\/09\/Logo-depurado-nuevo-blanco-360x360.png 360w, https:\/\/campoelcortijo.com\/wp-content\/uploads\/2024\/09\/Logo-depurado-nuevo-blanco-100x100.png 100w, https:\/\/campoelcortijo.com\/wp-content\/uploads\/2024\/09\/Logo-depurado-nuevo-blanco-600x600.png 600w, https:\/\/campoelcortijo.com\/wp-content\/uploads\/2024\/09\/Logo-depurado-nuevo-blanco-300x300.png 300w, https:\/\/campoelcortijo.com\/wp-content\/uploads\/2024\/09\/Logo-depurado-nuevo-blanco-150x150.png 150w, https:\/\/campoelcortijo.com\/wp-content\/uploads\/2024\/09\/Logo-depurado-nuevo-blanco-768x768.png 768w, https:\/\/campoelcortijo.com\/wp-content\/uploads\/2024\/09\/Logo-depurado-nuevo-blanco-1536x1536.png 1536w, https:\/\/campoelcortijo.com\/wp-content\/uploads\/2024\/09\/Logo-depurado-nuevo-blanco-2048x2048.png 2048w, https:\/\/campoelcortijo.com\/wp-content\/uploads\/2024\/09\/Logo-depurado-nuevo-blanco-24x24.png 24w, https:\/\/campoelcortijo.com\/wp-content\/uploads\/2024\/09\/Logo-depurado-nuevo-blanco-48x48.png 48w, https:\/\/campoelcortijo.com\/wp-content\/uploads\/2024\/09\/Logo-depurado-nuevo-blanco-96x96.png 96w, https:\/\/campoelcortijo.com\/wp-content\/uploads\/2024\/09\/Logo-depurado-nuevo-blanco-250x250.png 250w, https:\/\/campoelcortijo.com\/wp-content\/uploads\/2024\/09\/Logo-depurado-nuevo-blanco-140x140.png 140w, https:\/\/campoelcortijo.com\/wp-content\/uploads\/2024\/09\/Logo-depurado-nuevo-blanco-110x110.png 110w, https:\/\/campoelcortijo.com\/wp-content\/uploads\/2024\/09\/Logo-depurado-nuevo-blanco-275x275.png 275w, https:\/\/campoelcortijo.com\/wp-content\/uploads\/2024\/09\/Logo-depurado-nuevo-blanco-800x800.png 800w, https:\/\/campoelcortijo.com\/wp-content\/uploads\/2024\/09\/Logo-depurado-nuevo-blanco-550x550.png 550w\" sizes=\"(max-width: 1024px) 100vw, 1024px\" \/><\/figure>\n<\/div><\/div>\n<\/div>\n<\/div><\/div>\n\n\n\n<div class=\"wp-block-cover alignfull has-parallax\" style=\"min-height:200px;aspect-ratio:unset;\"><span aria-hidden=\"true\" class=\"wp-block-cover__background has-background-dim-40 has-background-dim\" style=\"background-color:#000000\"><\/span><div class=\"wp-block-cover__image-background wp-image-410 has-parallax\" style=\"background-position:50% 50%;background-image:url(http:\/\/campoelcortijo.com\/wp-content\/uploads\/2024\/09\/JRJ02452.jpg)\"><\/div><div class=\"wp-block-cover__inner-container is-layout-flow wp-block-cover-is-layout-flow\"><div class=\"wp-block-image\">\n<figure class=\"aligncenter size-medium is-resized\"><img decoding=\"async\" width=\"300\" height=\"81\" src=\"https:\/\/campoelcortijo.com\/wp-content\/uploads\/2024\/02\/Logo-2023-sombra-300x81.png\" alt=\"\" class=\"wp-image-138\" style=\"width:404px\" srcset=\"https:\/\/campoelcortijo.com\/wp-content\/uploads\/2024\/02\/Logo-2023-sombra-300x81.png 300w, https:\/\/campoelcortijo.com\/wp-content\/uploads\/2024\/02\/Logo-2023-sombra-600x162.png 600w, https:\/\/campoelcortijo.com\/wp-content\/uploads\/2024\/02\/Logo-2023-sombra-1024x277.png 1024w, https:\/\/campoelcortijo.com\/wp-content\/uploads\/2024\/02\/Logo-2023-sombra-768x207.png 768w, https:\/\/campoelcortijo.com\/wp-content\/uploads\/2024\/02\/Logo-2023-sombra-1536x415.png 1536w, https:\/\/campoelcortijo.com\/wp-content\/uploads\/2024\/02\/Logo-2023-sombra-2048x553.png 2048w, https:\/\/campoelcortijo.com\/wp-content\/uploads\/2024\/02\/Logo-2023-sombra-800x216.png 800w, https:\/\/campoelcortijo.com\/wp-content\/uploads\/2024\/02\/Logo-2023-sombra-550x149.png 550w\" sizes=\"(max-width: 300px) 100vw, 300px\" \/><\/figure>\n<\/div><\/div><\/div>\n","protected":false},"excerpt":{"rendered":"<p>MOTIVOS DE EXPULSI\u00d3N Y DERECHO DE ADMISI\u00d3N DERECHO DE ADMISION Campo Airsoft El Cortijo se reserva el derecho de admitir en sus instalaciones a aquellas personas que, por su comportamiento, considere que puedan resultar molestos o peligrosos para otros usuarios, o que puedan alterar el correcto funcionamiento de las instalaciones o protocolos. Galarza San Jose, Pilar, Responsable de la entidad Campo Airsoft El Cortijo provista de NIF 50743242K, al amparo de lo dispuesto en el art\u00edculo 59.1e) del REAL DECRETO 2816\/1982, de 27 de agosto, por el que se aprueba el Reglamento General de Pol\u00edtica de Espect\u00e1culos P\u00fablicos y Actividades Recreativas, tiene reservado el derecho de admisi\u00f3n, por las siguientes CAUSAS por las cuales QUEDA PROHIBIDA LA ENTRADA Y\/O PERMANENCIA EN NUESTRAS INSTALACIONES A TODA PERSONA QUE: MOTIVOS DE EXPULSI\u00d3N DIRECTA: As\u00ed mismo, para garantizar el buen funcionamiento de los usos de las instalaciones y los servicios y actividades ofertados, [&hellip;]<\/p>\n","protected":false},"author":1,"featured_media":141,"parent":0,"menu_order":0,"comment_status":"closed","ping_status":"closed","template":"","meta":{"om_disable_all_campaigns":false,"_uf_show_specific_survey":0,"_uf_disable_surveys":false,"footnotes":""},"class_list":["post-617","page","type-page","status-publish","has-post-thumbnail","hentry"],"aioseo_notices":[],"_links":{"self":[{"href":"https:\/\/campoelcortijo.com\/index.php\/wp-json\/wp\/v2\/pages\/617","targetHints":{"allow":["GET"]}}],"collection":[{"href":"https:\/\/campoelcortijo.com\/index.php\/wp-json\/wp\/v2\/pages"}],"about":[{"href":"https:\/\/campoelcortijo.com\/index.php\/wp-json\/wp\/v2\/types\/page"}],"author":[{"embeddable":true,"href":"https:\/\/campoelcortijo.com\/index.php\/wp-json\/wp\/v2\/users\/1"}],"replies":[{"embeddable":true,"href":"https:\/\/campoelcortijo.com\/index.php\/wp-json\/wp\/v2\/comments?post=617"}],"version-history":[{"count":7,"href":"https:\/\/campoelcortijo.com\/index.php\/wp-json\/wp\/v2\/pages\/617\/revisions"}],"predecessor-version":[{"id":2023,"href":"https:\/\/campoelcortijo.com\/index.php\/wp-json\/wp\/v2\/pages\/617\/revisions\/2023"}],"wp:featuredmedia":[{"embeddable":true,"href":"https:\/\/campoelcortijo.com\/index.php\/wp-json\/wp\/v2\/media\/141"}],"wp:attachment":[{"href":"https:\/\/campoelcortijo.com\/index.php\/wp-json\/wp\/v2\/media?parent=617"}],"curies":[{"name":"wp","href":"https:\/\/api.w.org\/{rel}","templated":true}]}}