{"id":619,"date":"2024-09-19T11:11:28","date_gmt":"2024-09-19T09:11:28","guid":{"rendered":"https:\/\/campoelcortijo.com\/?page_id=619"},"modified":"2024-10-29T15:27:21","modified_gmt":"2024-10-29T14:27:21","slug":"colaboradores","status":"publish","type":"page","link":"https:\/\/campoelcortijo.com\/index.php\/colaboradores\/","title":{"rendered":"Colaboradores"},"content":{"rendered":"\n<div style=\"height:20px\" aria-hidden=\"true\" class=\"wp-block-spacer\"><\/div>\n\n\n\n<div class=\"wp-block-cover alignfull has-custom-content-position is-position-center-left\" style=\"min-height:651px;aspect-ratio:unset;\"><span aria-hidden=\"true\" class=\"wp-block-cover__background has-background-dim-40 has-background-dim\" style=\"background-color:#000000\"><\/span><img fetchpriority=\"high\" decoding=\"async\" width=\"851\" height=\"315\" class=\"wp-block-cover__image-background wp-image-1962\" alt=\"\" src=\"http:\/\/campoelcortijo.com\/wp-content\/uploads\/2024\/10\/448273689_855691129927434_7948871862754447631_n.png\" data-object-fit=\"cover\" srcset=\"https:\/\/campoelcortijo.com\/wp-content\/uploads\/2024\/10\/448273689_855691129927434_7948871862754447631_n.png 851w, https:\/\/campoelcortijo.com\/wp-content\/uploads\/2024\/10\/448273689_855691129927434_7948871862754447631_n-300x111.png 300w, https:\/\/campoelcortijo.com\/wp-content\/uploads\/2024\/10\/448273689_855691129927434_7948871862754447631_n-768x284.png 768w, https:\/\/campoelcortijo.com\/wp-content\/uploads\/2024\/10\/448273689_855691129927434_7948871862754447631_n-600x222.png 600w, https:\/\/campoelcortijo.com\/wp-content\/uploads\/2024\/10\/448273689_855691129927434_7948871862754447631_n-800x296.png 800w, https:\/\/campoelcortijo.com\/wp-content\/uploads\/2024\/10\/448273689_855691129927434_7948871862754447631_n-550x204.png 550w\" sizes=\"(max-width: 851px) 100vw, 851px\" \/><div class=\"wp-block-cover__inner-container is-layout-flow wp-block-cover-is-layout-flow\">\n<div style=\"height:100px\" aria-hidden=\"true\" class=\"wp-block-spacer\"><\/div>\n\n\n\n<h4 class=\"wp-block-heading alignwide has-white-color has-text-color\" style=\"line-height:1.2\">EVIKE-EUROPE<\/h4>\n\n\n\n<div class=\"wp-block-columns alignwide are-vertically-aligned-center is-layout-flex wp-container-core-columns-is-layout-9d6595d7 wp-block-columns-is-layout-flex\">\n<div class=\"wp-block-column is-vertically-aligned-center is-layout-flow wp-block-column-is-layout-flow\" style=\"flex-basis:40%\">\n<p class=\"has-text-color\" style=\"color:#ffffff;font-size:20px\">Es la rama europea de la tienda de airsoft m\u00e1s grande del mundo: la norteamericana Evike.com. <br>Desde Francia, Uni\u00f3n Europea, podr\u00e1s disfrutar sin ningun problema del cat\u00e1logo de Airsoft m\u00e1s extenso del mundo al mejor precio gracias a nuestro c\u00f3digo de descuento donde podr\u00e1s disfrutar de un 15% de descuento en tus pedidos: <br><em>ElCortijo15<\/em><\/p>\n\n\n\n<div style=\"height:100px\" aria-hidden=\"true\" class=\"wp-block-spacer\"><\/div>\n\n\n\n<div class=\"wp-block-buttons alignfull is-vertical is-content-justification-left is-layout-flex wp-container-core-buttons-is-layout-fc358b4d wp-block-buttons-is-layout-flex\">\n<div class=\"wp-block-button is-style-outline is-style-outline--1\"><a class=\"wp-block-button__link has-text-color has-background has-text-align-center wp-element-button\" href=\"https:\/\/evike-europe.com\" style=\"color:#ffffff;background-color:#000000\" target=\"_blank\" rel=\"noreferrer noopener\">Visita su Web<\/a><\/div>\n<\/div>\n<\/div>\n\n\n\n<div class=\"wp-block-column is-vertically-aligned-center is-layout-flow wp-block-column-is-layout-flow\"><\/div>\n<\/div>\n<\/div><\/div>\n\n\n\n<h4 class=\"wp-block-heading has-text-color has-link-color wp-elements-82c8ec6313d17ca7c88fc53bbee92197\" style=\"color:#d6d754\"><strong>Evike-Europe.com<\/strong><\/h4>\n\n\n\n<p style=\"font-size:20px\">Desde Campo Airsoft El Cortijo estamos encantados de que Evike-Europe patrocine nuestras instalaciones y todos los eventos que realizamos con sorteos, regalos, eventos especiales anuales y colaboraciones.<\/p>\n\n\n\n<ul class=\"wp-block-list\">\n<li style=\"font-size:20px\">Extensa gama de productos: armas, equipamiento y accesorios de Airsoft<\/li>\n\n\n\n<li style=\"font-size:20px\">Colaboraciones con marcas reconocidas como Tokyo Marui, ASG y Cybergun<\/li>\n\n\n\n<li style=\"font-size:20px\">Acceso a productos exclusivos de Evike.com<\/li>\n\n\n\n<li style=\"font-size:20px\">Precios competitivos y atenci\u00f3n al cliente personalizada<\/li>\n\n\n\n<li style=\"font-size:20px\">Env\u00edos r\u00e1pidos desde almacenes en Europa y EE.UU.<\/li>\n\n\n\n<li style=\"font-size:20px\">Ofertas exclusivas y paquetes con descuento<\/li>\n\n\n\n<li style=\"font-size:20px\">Si necesitas algo del almac\u00e9n norteamericano, te lo traen bajo demanda si lo solicitas en la web de Evike-Europe<\/li>\n<\/ul>\n\n\n\n<h4 class=\"wp-block-heading has-text-color has-link-color wp-elements-f547a9f3601cb6be2f0116fc9c202dc2\" style=\"color:#d6d754\"><strong>Resto de colaboradores y asociaciones<\/strong><\/h4>\n\n\n\n<p><strong>MILSIM WEST<\/strong><\/p>\n\n\n\n<p><strong>WARLAND<\/strong><\/p>\n\n\n\n<p><strong>POLARIS<\/strong><\/p>\n\n\n\n<p><strong>ROSSI-EUROPE<\/strong><\/p>\n\n\n\n<h4 class=\"wp-block-heading has-text-color has-link-color wp-elements-53c96b6032b154c826c3c1615e1c7537\" style=\"color:#d6d754\"><strong>\u00a1Hablemos y hagamos magia juntos!<\/strong><\/h4>\n\n\n\n<p style=\"font-size:20px\">En Campo Airsoft El Cortijo, estamos comprometidos no solo con ofrecer experiencias emocionantes, sino tambi\u00e9n con contribuir positivamente a nuestra comunidad. Para lograrlo, trabajamos de la mano con diversas organizaciones y colaboradores en iniciativas sociales que promueven valores como la inclusi\u00f3n, el trabajo en equipo y el respeto.<\/p>\n\n\n\n<p style=\"font-size:20px\">Uno de nuestros principales colaboradores son las asociaciones de j\u00f3venes y grupos de deportes alternativos, con quienes organizamos eventos especiales destinados a fomentar la participaci\u00f3n y el desarrollo de habilidades sociales entre los m\u00e1s j\u00f3venes. Creemos que el Airsoft y otros deportes de simulaci\u00f3n no solo son una forma de entretenimiento, sino tambi\u00e9n una herramienta valiosa para ense\u00f1ar trabajo en equipo y liderazgo.<\/p>\n\n\n\n<p style=\"font-size:20px\">Adem\u00e1s, apoyamos actividades ben\u00e9ficas, ofreciendo nuestro espacio para eventos que buscan recaudar fondos para causas importantes. Ya sea a trav\u00e9s de torneos, jornadas de puertas abiertas o actividades especiales, nos sentimos orgullosos de poder colaborar con causas que ayudan a mejorar la vida de las personas en nuestra comunidad.<\/p>\n\n\n\n<p style=\"font-size:20px\">Nuestra acci\u00f3n social no se detiene ah\u00ed; tambi\u00e9n estamos comprometidos con la sostenibilidad. Trabajamos en la conservaci\u00f3n del medio ambiente, promoviendo pr\u00e1cticas responsables en el uso de materiales biodegradables y fomentando el respeto por la naturaleza en todas nuestras actividades.<\/p>\n\n\n\n<p style=\"font-size:20px\">Con cada evento que organizamos, nos esforzamos por dejar una huella positiva y construir un futuro m\u00e1s inclusivo y consciente. En Campo Airsoft El Cortijo, creemos que el juego puede ser un motor de cambio y estamos dedicados a hacer nuestra parte en esta misi\u00f3n. \u00a1\u00danete a nosotros y se parte de esta gran comunidad!<\/p>\n\n\n\n<div style=\"height:20px\" aria-hidden=\"true\" class=\"wp-block-spacer\"><\/div>\n\n\n\n<div class=\"wp-block-cover alignfull has-parallax\" style=\"min-height:200px;aspect-ratio:unset;\"><span aria-hidden=\"true\" class=\"wp-block-cover__background has-background-dim-40 has-background-dim\" style=\"background-color:#000000\"><\/span><div class=\"wp-block-cover__image-background wp-image-410 has-parallax\" style=\"background-position:50% 50%;background-image:url(http:\/\/campoelcortijo.com\/wp-content\/uploads\/2024\/09\/JRJ02452.jpg)\"><\/div><div class=\"wp-block-cover__inner-container is-layout-flow wp-block-cover-is-layout-flow\"><div class=\"wp-block-image\">\n<figure class=\"aligncenter size-medium is-resized\"><img decoding=\"async\" width=\"300\" height=\"81\" src=\"https:\/\/campoelcortijo.com\/wp-content\/uploads\/2024\/02\/Logo-2023-sombra-300x81.png\" alt=\"\" class=\"wp-image-138\" style=\"width:404px\" srcset=\"https:\/\/campoelcortijo.com\/wp-content\/uploads\/2024\/02\/Logo-2023-sombra-300x81.png 300w, https:\/\/campoelcortijo.com\/wp-content\/uploads\/2024\/02\/Logo-2023-sombra-600x162.png 600w, https:\/\/campoelcortijo.com\/wp-content\/uploads\/2024\/02\/Logo-2023-sombra-1024x277.png 1024w, https:\/\/campoelcortijo.com\/wp-content\/uploads\/2024\/02\/Logo-2023-sombra-768x207.png 768w, https:\/\/campoelcortijo.com\/wp-content\/uploads\/2024\/02\/Logo-2023-sombra-1536x415.png 1536w, https:\/\/campoelcortijo.com\/wp-content\/uploads\/2024\/02\/Logo-2023-sombra-2048x553.png 2048w, https:\/\/campoelcortijo.com\/wp-content\/uploads\/2024\/02\/Logo-2023-sombra-800x216.png 800w, https:\/\/campoelcortijo.com\/wp-content\/uploads\/2024\/02\/Logo-2023-sombra-550x149.png 550w\" sizes=\"(max-width: 300px) 100vw, 300px\" \/><\/figure>\n<\/div><\/div><\/div>\n","protected":false},"excerpt":{"rendered":"<p>Evike-Europe.com Desde Campo Airsoft El Cortijo estamos encantados de que Evike-Europe patrocine nuestras instalaciones y todos los eventos que realizamos con sorteos, regalos, eventos especiales anuales y colaboraciones. Resto de colaboradores y asociaciones MILSIM WEST WARLAND POLARIS ROSSI-EUROPE \u00a1Hablemos y hagamos magia juntos! En Campo Airsoft El Cortijo, estamos comprometidos no solo con ofrecer experiencias emocionantes, sino tambi\u00e9n con contribuir positivamente a nuestra comunidad. Para lograrlo, trabajamos de la mano con diversas organizaciones y colaboradores en iniciativas sociales que promueven valores como la inclusi\u00f3n, el trabajo en equipo y el respeto. Uno de nuestros principales colaboradores son las asociaciones de j\u00f3venes y grupos de deportes alternativos, con quienes organizamos eventos especiales destinados a fomentar la participaci\u00f3n y el desarrollo de habilidades sociales entre los m\u00e1s j\u00f3venes. Creemos que el Airsoft y otros deportes de simulaci\u00f3n no solo son una forma de entretenimiento, sino tambi\u00e9n una herramienta valiosa para ense\u00f1ar trabajo [&hellip;]<\/p>\n","protected":false},"author":1,"featured_media":141,"parent":0,"menu_order":0,"comment_status":"closed","ping_status":"closed","template":"","meta":{"om_disable_all_campaigns":false,"_uf_show_specific_survey":0,"_uf_disable_surveys":false,"footnotes":""},"class_list":["post-619","page","type-page","status-publish","has-post-thumbnail","hentry"],"aioseo_notices":[],"_links":{"self":[{"href":"https:\/\/campoelcortijo.com\/index.php\/wp-json\/wp\/v2\/pages\/619","targetHints":{"allow":["GET"]}}],"collection":[{"href":"https:\/\/campoelcortijo.com\/index.php\/wp-json\/wp\/v2\/pages"}],"about":[{"href":"https:\/\/campoelcortijo.com\/index.php\/wp-json\/wp\/v2\/types\/page"}],"author":[{"embeddable":true,"href":"https:\/\/campoelcortijo.com\/index.php\/wp-json\/wp\/v2\/users\/1"}],"replies":[{"embeddable":true,"href":"https:\/\/campoelcortijo.com\/index.php\/wp-json\/wp\/v2\/comments?post=619"}],"version-history":[{"count":21,"href":"https:\/\/campoelcortijo.com\/index.php\/wp-json\/wp\/v2\/pages\/619\/revisions"}],"predecessor-version":[{"id":1987,"href":"https:\/\/campoelcortijo.com\/index.php\/wp-json\/wp\/v2\/pages\/619\/revisions\/1987"}],"wp:featuredmedia":[{"embeddable":true,"href":"https:\/\/campoelcortijo.com\/index.php\/wp-json\/wp\/v2\/media\/141"}],"wp:attachment":[{"href":"https:\/\/campoelcortijo.com\/index.php\/wp-json\/wp\/v2\/media?parent=619"}],"curies":[{"name":"wp","href":"https:\/\/api.w.org\/{rel}","templated":true}]}}